{"id":3259,"date":"2023-08-15T04:46:53","date_gmt":"2023-08-15T04:46:53","guid":{"rendered":"https:\/\/novostar.com.tr\/?post_type=product&#038;p=3259"},"modified":"2025-10-03T18:11:37","modified_gmt":"2025-10-03T18:11:37","slug":"triple-room","status":"publish","type":"product","link":"https:\/\/novostar.com.tr\/en\/odalar\/triple-room\/","title":{"rendered":"Triple Room"},"content":{"rendered":"<p>Kesintisiz bir uyku ya\u015fay\u0131n ve sabah\u0131n ilk \u0131\u015f\u0131klar\u0131nda, taze bir kahve veya \u00e7ay ile g\u00fcne merhaba deyin. Rahatl\u0131\u011f\u0131n ve keyfin bulu\u015ftu\u011fu odalarda, HD televizyon keyfi ile gev\u015feyin. \u00dccretsiz Wi-Fi ile sevdiklerinizle ba\u011flant\u0131da kal\u0131n. Novo Star\u2019da unutulmaz bir konaklama deneyimi ya\u015fay\u0131n.<\/p>","protected":false},"excerpt":{"rendered":"<p>Kesintisiz bir uyku ya\u015fay\u0131n ve sabah\u0131n ilk \u0131\u015f\u0131klar\u0131nda, taze bir kahve veya \u00e7ay ile g\u00fcne merhaba deyin. Rahatl\u0131\u011f\u0131n ve keyfin bulu\u015ftu\u011fu odalarda, HD televizyon keyfi ile gev\u015feyin. \u00dccretsiz Wi-Fi ile sevdiklerinizle ba\u011flant\u0131da kal\u0131n. Novo Star\u2019da unutulmaz bir konaklama deneyimi ya\u015fay\u0131n.<\/p>\n<div class=\"nta_wa_button\" data-id=\"4687\" data-info=\"{&quot;name&quot;:&quot;Novo Star Rezervasyon&quot;,&quot;info&quot;:{&quot;number&quot;:&quot;+905303304964&quot;,&quot;title&quot;:&quot;Novo Star Rezervasyon&quot;,&quot;predefinedText&quot;:&quot; [njwa_page_title] i\\u00e7in rezervasyon yapt\\u0131rmak istiyorum.&quot;,&quot;willBeBackText&quot;:&quot;I will be back in [njwa_time_work]&quot;,&quot;dayOffsText&quot;:&quot;I will be back soon&quot;,&quot;isAlwaysAvailable&quot;:&quot;ON&quot;,&quot;daysOfWeekWorking&quot;:{&quot;sunday&quot;:{&quot;isWorkingOnDay&quot;:&quot;OFF&quot;,&quot;workHours&quot;:[{&quot;startTime&quot;:&quot;08:00&quot;,&quot;endTime&quot;:&quot;17:30&quot;}]},&quot;monday&quot;:{&quot;isWorkingOnDay&quot;:&quot;OFF&quot;,&quot;workHours&quot;:[{&quot;startTime&quot;:&quot;08:00&quot;,&quot;endTime&quot;:&quot;17:30&quot;}]},&quot;tuesday&quot;:{&quot;isWorkingOnDay&quot;:&quot;OFF&quot;,&quot;workHours&quot;:[{&quot;startTime&quot;:&quot;08:00&quot;,&quot;endTime&quot;:&quot;17:30&quot;}]},&quot;wednesday&quot;:{&quot;isWorkingOnDay&quot;:&quot;OFF&quot;,&quot;workHours&quot;:[{&quot;startTime&quot;:&quot;08:00&quot;,&quot;endTime&quot;:&quot;17:30&quot;}]},&quot;thursday&quot;:{&quot;isWorkingOnDay&quot;:&quot;OFF&quot;,&quot;workHours&quot;:[{&quot;startTime&quot;:&quot;08:00&quot;,&quot;endTime&quot;:&quot;17:30&quot;}]},&quot;friday&quot;:{&quot;isWorkingOnDay&quot;:&quot;OFF&quot;,&quot;workHours&quot;:[{&quot;startTime&quot;:&quot;08:00&quot;,&quot;endTime&quot;:&quot;17:30&quot;}]},&quot;saturday&quot;:{&quot;isWorkingOnDay&quot;:&quot;OFF&quot;,&quot;workHours&quot;:[{&quot;startTime&quot;:&quot;08:00&quot;,&quot;endTime&quot;:&quot;17:30&quot;}]}}},&quot;styles&quot;:{&quot;type&quot;:&quot;square&quot;,&quot;backgroundColor&quot;:&quot;#2DB742&quot;,&quot;textColor&quot;:&quot;#fff&quot;,&quot;label&quot;:&quot;Whatsapp ile ula\\u015f\\u0131n!&quot;,&quot;width&quot;:300,&quot;height&quot;:64},&quot;avatar&quot;:false,&quot;options&quot;:{&quot;accounts&quot;:{&quot;hideOfflineAgents&quot;:&quot;OFF&quot;},&quot;display&quot;:{&quot;displayCondition&quot;:&quot;showAllPage&quot;,&quot;displayPostCondition&quot;:&quot;showAllPost&quot;,&quot;includePages&quot;:[],&quot;excludePages&quot;:[],&quot;includePosts&quot;:[],&quot;excludePosts&quot;:[],&quot;showOnDesktop&quot;:&quot;ON&quot;,&quot;showOnMobile&quot;:&quot;ON&quot;,&quot;time_symbols&quot;:&quot;h:m&quot;},&quot;styles&quot;:{&quot;title&quot;:&quot;Hemen G\\u00f6r\\u00fc\\u015fme Ba\\u015flat\\u0131n&quot;,&quot;responseText&quot;:&quot;Ekibimiz genellikle 3-5 dakika i\\u00e7erisinde yan\\u0131t verir.&quot;,&quot;description&quot;:&quot;Merhaba! \\u0130leti\\u015fime ge\\u00e7mek i\\u00e7in a\\u015fa\\u011f\\u0131daki personellerimizden birini se\\u00e7ebilirsiniz.&quot;,&quot;backgroundColor&quot;:&quot;#2db742&quot;,&quot;textColor&quot;:&quot;#fff&quot;,&quot;titleSize&quot;:&quot;18&quot;,&quot;accountNameSize&quot;:&quot;14&quot;,&quot;descriptionTextSize&quot;:&quot;12&quot;,&quot;regularTextSize&quot;:&quot;11&quot;,&quot;scrollHeight&quot;:&quot;500&quot;,&quot;isShowScroll&quot;:&quot;OFF&quot;,&quot;isShowResponseText&quot;:&quot;OFF&quot;,&quot;btnLabel&quot;:&quot;&lt;strong&gt;Whatsapp ile ula\\u015f\\u0131n&lt;\\\/strong&gt;&quot;,&quot;btnLabelWidth&quot;:&quot;135&quot;,&quot;btnPosition&quot;:&quot;right&quot;,&quot;btnLeftDistance&quot;:&quot;30&quot;,&quot;btnRightDistance&quot;:&quot;30&quot;,&quot;btnBottomDistance&quot;:&quot;30&quot;,&quot;isShowBtnLabel&quot;:&quot;OFF&quot;,&quot;isShowGDPR&quot;:&quot;OFF&quot;,&quot;gdprContent&quot;:&quot;Please accept our &lt;a href=\\&quot;https:\\\/\\\/ninjateam.org\\\/privacy-policy\\\/\\&quot;&gt;privacy policy&lt;\\\/a&gt; first to start a conversation.&quot;,&quot;widgetType&quot;:&quot;expandable&quot;},&quot;analytics&quot;:{&quot;enabledGoogle&quot;:&quot;OFF&quot;,&quot;enabledFacebook&quot;:&quot;OFF&quot;,&quot;enabledGoogleGA4&quot;:&quot;OFF&quot;}},&quot;gdprStatus&quot;:false,&quot;defaultAvatar&quot;:&quot;https:\\\/\\\/novostar.com.tr\\\/wp-content\\\/plugins\\\/whatsapp-for-wordpress\\\/assets\\\/img\\\/whatsapp_logo.svg&quot;}\"><\/div>\n<p>&nbsp;<\/p>","protected":false},"featured_media":4555,"template":"","meta":{"_monsterinsights_skip_tracking":false,"_monsterinsights_sitenote_active":false,"_monsterinsights_sitenote_note":"","_monsterinsights_sitenote_category":0,"_uf_show_specific_survey":0,"_uf_disable_surveys":false},"product_brand":[],"product_cat":[29],"product_tag":[],"class_list":{"0":"post-3259","1":"product","2":"type-product","3":"status-publish","4":"has-post-thumbnail","6":"product_cat-hotel","8":"first","9":"instock","10":"shipping-taxable","11":"purchasable","12":"product-type-ovabrw_car_rental"},"yoast_head":"<!-- This site is optimized with the Yoast SEO Premium plugin v25.0 (Yoast SEO v25.0) - https:\/\/yoast.com\/wordpress\/plugins\/seo\/ -->\n<title>Triple Room - Novo Star Hotel<\/title>\n<meta name=\"robots\" content=\"index, follow, max-snippet:-1, max-image-preview:large, max-video-preview:-1\" \/>\n<link rel=\"canonical\" href=\"https:\/\/novostar.com.tr\/en\/odalar\/triple-room\/\" \/>\n<meta property=\"og:locale\" content=\"en_US\" \/>\n<meta property=\"og:type\" content=\"article\" \/>\n<meta property=\"og:title\" content=\"Triple Room\" \/>\n<meta property=\"og:description\" content=\"Kesintisiz bir uyku ya\u015fay\u0131n ve sabah\u0131n ilk \u0131\u015f\u0131klar\u0131nda, taze bir kahve veya \u00e7ay ile g\u00fcne merhaba deyin. Rahatl\u0131\u011f\u0131n ve keyfin bulu\u015ftu\u011fu odalarda, HD televizyon keyfi ile gev\u015feyin. \u00dccretsiz Wi-Fi ile sevdiklerinizle ba\u011flant\u0131da kal\u0131n. Novo Star\u2019da unutulmaz bir konaklama deneyimi ya\u015fay\u0131n.    &nbsp;\" \/>\n<meta property=\"og:url\" content=\"https:\/\/novostar.com.tr\/en\/odalar\/triple-room\/\" \/>\n<meta property=\"og:site_name\" content=\"Novo Star Hotel\" \/>\n<meta property=\"article:modified_time\" content=\"2025-10-03T18:11:37+00:00\" \/>\n<meta property=\"og:image\" content=\"https:\/\/novostar.com.tr\/wp-content\/uploads\/2023\/08\/5_LE_upscale_strong_x4_light_ai_30-scaled.jpg\" \/>\n\t<meta property=\"og:image:width\" content=\"2560\" \/>\n\t<meta property=\"og:image:height\" content=\"1440\" \/>\n\t<meta property=\"og:image:type\" content=\"image\/jpeg\" \/>\n<meta name=\"twitter:card\" content=\"summary_large_image\" \/>\n<meta name=\"twitter:label1\" content=\"Est. reading time\" \/>\n\t<meta name=\"twitter:data1\" content=\"1 minute\" \/>\n<script type=\"application\/ld+json\" class=\"yoast-schema-graph\">{\"@context\":\"https:\/\/schema.org\",\"@graph\":[{\"@type\":\"WebPage\",\"@id\":\"https:\/\/novostar.com.tr\/odalar\/triple-room\/\",\"url\":\"https:\/\/novostar.com.tr\/odalar\/triple-room\/\",\"name\":\"Triple Room - Novo Star Hotel\",\"isPartOf\":{\"@id\":\"https:\/\/novostar.com.tr\/#website\"},\"primaryImageOfPage\":{\"@id\":\"https:\/\/novostar.com.tr\/odalar\/triple-room\/#primaryimage\"},\"image\":{\"@id\":\"https:\/\/novostar.com.tr\/odalar\/triple-room\/#primaryimage\"},\"thumbnailUrl\":\"https:\/\/novostar.com.tr\/wp-content\/uploads\/2023\/08\/5_LE_upscale_strong_x4_light_ai_30-scaled.jpg\",\"datePublished\":\"2023-08-15T04:46:53+00:00\",\"dateModified\":\"2025-10-03T18:11:37+00:00\",\"breadcrumb\":{\"@id\":\"https:\/\/novostar.com.tr\/odalar\/triple-room\/#breadcrumb\"},\"inLanguage\":\"en-US\",\"potentialAction\":[{\"@type\":\"ReadAction\",\"target\":[\"https:\/\/novostar.com.tr\/odalar\/triple-room\/\"]}]},{\"@type\":\"ImageObject\",\"inLanguage\":\"en-US\",\"@id\":\"https:\/\/novostar.com.tr\/odalar\/triple-room\/#primaryimage\",\"url\":\"https:\/\/novostar.com.tr\/wp-content\/uploads\/2023\/08\/5_LE_upscale_strong_x4_light_ai_30-scaled.jpg\",\"contentUrl\":\"https:\/\/novostar.com.tr\/wp-content\/uploads\/2023\/08\/5_LE_upscale_strong_x4_light_ai_30-scaled.jpg\",\"width\":2560,\"height\":1440},{\"@type\":\"BreadcrumbList\",\"@id\":\"https:\/\/novostar.com.tr\/odalar\/triple-room\/#breadcrumb\",\"itemListElement\":[{\"@type\":\"ListItem\",\"position\":1,\"name\":\"Home\",\"item\":\"https:\/\/novostar.com.tr\/\"},{\"@type\":\"ListItem\",\"position\":2,\"name\":\"Shop\",\"item\":\"https:\/\/novostar.com.tr\/shop\/\"},{\"@type\":\"ListItem\",\"position\":3,\"name\":\"Triple Room\"}]},{\"@type\":\"WebSite\",\"@id\":\"https:\/\/novostar.com.tr\/#website\",\"url\":\"https:\/\/novostar.com.tr\/\",\"name\":\"Novo Star Hotel\",\"description\":\"\",\"publisher\":{\"@id\":\"https:\/\/novostar.com.tr\/#organization\"},\"potentialAction\":[{\"@type\":\"SearchAction\",\"target\":{\"@type\":\"EntryPoint\",\"urlTemplate\":\"https:\/\/novostar.com.tr\/?s={search_term_string}\"},\"query-input\":{\"@type\":\"PropertyValueSpecification\",\"valueRequired\":true,\"valueName\":\"search_term_string\"}}],\"inLanguage\":\"en-US\"},{\"@type\":\"Organization\",\"@id\":\"https:\/\/novostar.com.tr\/#organization\",\"name\":\"Novo Star Hotel\",\"url\":\"https:\/\/novostar.com.tr\/\",\"logo\":{\"@type\":\"ImageObject\",\"inLanguage\":\"en-US\",\"@id\":\"https:\/\/novostar.com.tr\/#\/schema\/logo\/image\/\",\"url\":\"https:\/\/novostar.com.tr\/wp-content\/uploads\/2025\/07\/cropped-novo-favicon.png\",\"contentUrl\":\"https:\/\/novostar.com.tr\/wp-content\/uploads\/2025\/07\/cropped-novo-favicon.png\",\"width\":512,\"height\":512,\"caption\":\"Novo Star Hotel\"},\"image\":{\"@id\":\"https:\/\/novostar.com.tr\/#\/schema\/logo\/image\/\"},\"description\":\"Edirne\u2019deki Kap\u0131kule S\u0131n\u0131r Kap\u0131s\u0131'na sadece dakikalar mesafede bulunan Novo Star Hotel, gurbet\u00e7i vatanda\u015flar\u0131m\u0131z i\u00e7in adeta ikinci bir ev oluyor.\",\"email\":\"rezervasyon@novostar.com.tr\",\"telephone\":\"+90 530 330 49 64\",\"legalName\":\"NOVOSTAR KONAK VE MARKET H\u0130ZM LTD. \u015eT\u0130\",\"foundingDate\":\"2019-06-01\",\"numberOfEmployees\":{\"@type\":\"QuantitativeValue\",\"minValue\":\"11\",\"maxValue\":\"50\"}}]}<\/script>\n<!-- \/ Yoast SEO Premium plugin. -->","yoast_head_json":{"title":"Triple Room - Novo Star Hotel","robots":{"index":"index","follow":"follow","max-snippet":"max-snippet:-1","max-image-preview":"max-image-preview:large","max-video-preview":"max-video-preview:-1"},"canonical":"https:\/\/novostar.com.tr\/en\/odalar\/triple-room\/","og_locale":"en_US","og_type":"article","og_title":"Triple Room","og_description":"Kesintisiz bir uyku ya\u015fay\u0131n ve sabah\u0131n ilk \u0131\u015f\u0131klar\u0131nda, taze bir kahve veya \u00e7ay ile g\u00fcne merhaba deyin. Rahatl\u0131\u011f\u0131n ve keyfin bulu\u015ftu\u011fu odalarda, HD televizyon keyfi ile gev\u015feyin. \u00dccretsiz Wi-Fi ile sevdiklerinizle ba\u011flant\u0131da kal\u0131n. Novo Star\u2019da unutulmaz bir konaklama deneyimi ya\u015fay\u0131n.    &nbsp;","og_url":"https:\/\/novostar.com.tr\/en\/odalar\/triple-room\/","og_site_name":"Novo Star Hotel","article_modified_time":"2025-10-03T18:11:37+00:00","og_image":[{"width":2560,"height":1440,"url":"https:\/\/novostar.com.tr\/wp-content\/uploads\/2023\/08\/5_LE_upscale_strong_x4_light_ai_30-scaled.jpg","type":"image\/jpeg"}],"twitter_card":"summary_large_image","twitter_misc":{"Est. reading time":"1 minute"},"schema":{"@context":"https:\/\/schema.org","@graph":[{"@type":"WebPage","@id":"https:\/\/novostar.com.tr\/odalar\/triple-room\/","url":"https:\/\/novostar.com.tr\/odalar\/triple-room\/","name":"Triple Room - Novo Star Hotel","isPartOf":{"@id":"https:\/\/novostar.com.tr\/#website"},"primaryImageOfPage":{"@id":"https:\/\/novostar.com.tr\/odalar\/triple-room\/#primaryimage"},"image":{"@id":"https:\/\/novostar.com.tr\/odalar\/triple-room\/#primaryimage"},"thumbnailUrl":"https:\/\/novostar.com.tr\/wp-content\/uploads\/2023\/08\/5_LE_upscale_strong_x4_light_ai_30-scaled.jpg","datePublished":"2023-08-15T04:46:53+00:00","dateModified":"2025-10-03T18:11:37+00:00","breadcrumb":{"@id":"https:\/\/novostar.com.tr\/odalar\/triple-room\/#breadcrumb"},"inLanguage":"en-US","potentialAction":[{"@type":"ReadAction","target":["https:\/\/novostar.com.tr\/odalar\/triple-room\/"]}]},{"@type":"ImageObject","inLanguage":"en-US","@id":"https:\/\/novostar.com.tr\/odalar\/triple-room\/#primaryimage","url":"https:\/\/novostar.com.tr\/wp-content\/uploads\/2023\/08\/5_LE_upscale_strong_x4_light_ai_30-scaled.jpg","contentUrl":"https:\/\/novostar.com.tr\/wp-content\/uploads\/2023\/08\/5_LE_upscale_strong_x4_light_ai_30-scaled.jpg","width":2560,"height":1440},{"@type":"BreadcrumbList","@id":"https:\/\/novostar.com.tr\/odalar\/triple-room\/#breadcrumb","itemListElement":[{"@type":"ListItem","position":1,"name":"Home","item":"https:\/\/novostar.com.tr\/"},{"@type":"ListItem","position":2,"name":"Shop","item":"https:\/\/novostar.com.tr\/shop\/"},{"@type":"ListItem","position":3,"name":"Triple Room"}]},{"@type":"WebSite","@id":"https:\/\/novostar.com.tr\/#website","url":"https:\/\/novostar.com.tr\/","name":"Novo Star Hotel","description":"","publisher":{"@id":"https:\/\/novostar.com.tr\/#organization"},"potentialAction":[{"@type":"SearchAction","target":{"@type":"EntryPoint","urlTemplate":"https:\/\/novostar.com.tr\/?s={search_term_string}"},"query-input":{"@type":"PropertyValueSpecification","valueRequired":true,"valueName":"search_term_string"}}],"inLanguage":"en-US"},{"@type":"Organization","@id":"https:\/\/novostar.com.tr\/#organization","name":"Novo Star Hotel","url":"https:\/\/novostar.com.tr\/","logo":{"@type":"ImageObject","inLanguage":"en-US","@id":"https:\/\/novostar.com.tr\/#\/schema\/logo\/image\/","url":"https:\/\/novostar.com.tr\/wp-content\/uploads\/2025\/07\/cropped-novo-favicon.png","contentUrl":"https:\/\/novostar.com.tr\/wp-content\/uploads\/2025\/07\/cropped-novo-favicon.png","width":512,"height":512,"caption":"Novo Star Hotel"},"image":{"@id":"https:\/\/novostar.com.tr\/#\/schema\/logo\/image\/"},"description":"Edirne\u2019deki Kap\u0131kule S\u0131n\u0131r Kap\u0131s\u0131'na sadece dakikalar mesafede bulunan Novo Star Hotel, gurbet\u00e7i vatanda\u015flar\u0131m\u0131z i\u00e7in adeta ikinci bir ev oluyor.","email":"rezervasyon@novostar.com.tr","telephone":"+90 530 330 49 64","legalName":"NOVOSTAR KONAK VE MARKET H\u0130ZM LTD. \u015eT\u0130","foundingDate":"2019-06-01","numberOfEmployees":{"@type":"QuantitativeValue","minValue":"11","maxValue":"50"}}]}},"_links":{"self":[{"href":"https:\/\/novostar.com.tr\/en\/wp-json\/wp\/v2\/product\/3259","targetHints":{"allow":["GET"]}}],"collection":[{"href":"https:\/\/novostar.com.tr\/en\/wp-json\/wp\/v2\/product"}],"about":[{"href":"https:\/\/novostar.com.tr\/en\/wp-json\/wp\/v2\/types\/product"}],"wp:featuredmedia":[{"embeddable":true,"href":"https:\/\/novostar.com.tr\/en\/wp-json\/wp\/v2\/media\/4555"}],"wp:attachment":[{"href":"https:\/\/novostar.com.tr\/en\/wp-json\/wp\/v2\/media?parent=3259"}],"wp:term":[{"taxonomy":"product_brand","embeddable":true,"href":"https:\/\/novostar.com.tr\/en\/wp-json\/wp\/v2\/product_brand?post=3259"},{"taxonomy":"product_cat","embeddable":true,"href":"https:\/\/novostar.com.tr\/en\/wp-json\/wp\/v2\/product_cat?post=3259"},{"taxonomy":"product_tag","embeddable":true,"href":"https:\/\/novostar.com.tr\/en\/wp-json\/wp\/v2\/product_tag?post=3259"}],"curies":[{"name":"wp","href":"https:\/\/api.w.org\/{rel}","templated":true}]}}