{"id":4618,"date":"2025-07-06T20:25:34","date_gmt":"2025-07-06T20:25:34","guid":{"rendered":"https:\/\/novostar.com.tr\/?page_id=4618"},"modified":"2025-07-06T20:25:34","modified_gmt":"2025-07-06T20:25:34","slug":"uyelik-sozlesmesi","status":"publish","type":"page","link":"https:\/\/novostar.com.tr\/en\/uyelik-sozlesmesi\/","title":{"rendered":"Membership Agreement"},"content":{"rendered":"<p><strong>About Membership<\/strong><br>To become a member of our store, simply go to our Member Transactions page and fill in the relevant sections. It is very important that you fill in your member information correctly and completely in terms of the possibility of communication and transportation problems.<br>Becoming a member is a very simple and fast process. Becoming a member does not mean that you are under any obligation. However, please read the Sales contract carefully before shopping. You have the right to terminate your membership at any time.<\/p>\n\n\n\n<p><strong>Membership Cancellation<br><\/strong>The member has the right to terminate his\/her membership at any time. After you terminate your membership, all your relationship with our site will be severed.<br>To terminate your membership, you must submit your request from our contact information page after logging in.<\/p>\n\n\n\n<p>Membership cannot be canceled in the following cases<br>1 \u2013 \u00dcye son verdi\u011fi sipari\u015f \u00fczerinden 60 g\u00fcn ge\u00e7memi\u015fse.<br>2 - If a membership cancellation request was made with a different e-mail address<br>3 - If the member cannot be reached from their registered information<\/p>\n\n\n\n<p><br>Membership is canceled by us in the following cases<br>1 - If the member sends unethical messages or writes comments<br>2 - Attempted fraud<br>3 - Has made an attempt to damage the system or the name novostar.com.tr.<\/p>\n\n\n\n<p><strong>Member Security<br><\/strong>All kinds of measures have been taken in our store for the safety of the member. In addition to these measures, you are responsible for the security of your member information. Do not share your information you use to log in to our store with anyone, do not log in to the system from computers that you are not sure are secure.<\/p>\n\n\n\n<p>Different Address<\/p>\n\n\n\n<p>For each member, there is an address section where they can enter a different address other than their registered address when finalizing the order.<br>You can use the address section when sending gifts to your friends, or you can use it when you are at different addresses.<br>For example During periods when you will be in different branches of the company you work for or when you stay at the cottage. Or if you want your invoice to reach you and your order to reach a friend<\/p>\n\n\n\n<p><strong>Product Reviews<br><\/strong>Each member can write comments on products. As you share your knowledge and experience with other users, shopping will be more enjoyable and conscious. Since customer comments will be unbiased and based on experience, a more informed shopping environment will arise.<br>Things to consider when writing a product review: Take care to write comments that are respectful to other users and the manufacturer of the product, within the framework of general ethical rules. Comments are reviewed and inappropriate comments are deleted from the system.<\/p>","protected":false},"excerpt":{"rendered":"<p>\u00dcyelik Hakk\u0131ndaMa\u011fazam\u0131za \u00fcye olmak i\u00e7in \u00dcye \u0130\u015flemleri sayfam\u0131za giderek ilgili b\u00f6l\u00fcmleri doldurman\u0131z yeterlidir.\u00dcye bilgilerinizi do\u011fru ve eksiksiz doldurman\u0131z ileti\u015fim ve ula\u015f\u0131m problemleri olas\u0131l\u0131\u011f\u0131 a\u00e7\u0131s\u0131ndan \u00e7ok \u00f6nemlidir.\u00dcr\u00fcn ve hizmetlerin \u00e7abuk ve s\u0131hhatli ula\u015fmas\u0131 i\u00e7in l\u00fctfen dikkatle ve eksiksiz doldurunuz.\u00dcye olmak olduk\u00e7a basit ve h\u0131zl\u0131 bir i\u015flemdir. \u00dcye olman\u0131z hi\u00e7 bir y\u00fck\u00fcml\u00fcl\u00fck alt\u0131na girdi\u011finizi ifade etmez. Ancak [&hellip;]<\/p>","protected":false},"author":1,"featured_media":0,"parent":0,"menu_order":0,"comment_status":"closed","ping_status":"open","template":"","meta":{"_monsterinsights_skip_tracking":false,"_monsterinsights_sitenote_active":false,"_monsterinsights_sitenote_note":"","_monsterinsights_sitenote_category":0,"_uf_show_specific_survey":0,"_uf_disable_surveys":false,"footnotes":""},"class_list":["post-4618","page","type-page","status-publish","hentry"],"yoast_head":"<!-- This site is optimized with the Yoast SEO Premium plugin v25.0 (Yoast SEO v25.0) - https:\/\/yoast.com\/wordpress\/plugins\/seo\/ -->\n<title>\u00dcyelik S\u00f6zle\u015fmesi - Novo Star Hotel<\/title>\n<meta name=\"robots\" content=\"index, follow, max-snippet:-1, max-image-preview:large, max-video-preview:-1\" \/>\n<link rel=\"canonical\" href=\"https:\/\/novostar.com.tr\/en\/uyelik-sozlesmesi\/\" \/>\n<meta property=\"og:locale\" content=\"en_US\" \/>\n<meta property=\"og:type\" content=\"article\" \/>\n<meta property=\"og:title\" content=\"\u00dcyelik S\u00f6zle\u015fmesi\" \/>\n<meta property=\"og:description\" content=\"Edirne\u2019deki Kap\u0131kule S\u0131n\u0131r Kap\u0131s\u0131&#039;na sadece dakikalar mesafede bulunan Novo Star Hotel, gurbet\u00e7i vatanda\u015flar\u0131m\u0131z i\u00e7in adeta ikinci bir ev oluyor.\" \/>\n<meta property=\"og:url\" content=\"https:\/\/novostar.com.tr\/en\/uyelik-sozlesmesi\/\" \/>\n<meta property=\"og:site_name\" content=\"Novo Star Hotel\" \/>\n<meta property=\"og:image\" content=\"https:\/\/novostar.com.tr\/wp-content\/uploads\/2025\/07\/novostar-thumb.png\" \/>\n\t<meta property=\"og:image:width\" content=\"1200\" \/>\n\t<meta property=\"og:image:height\" content=\"675\" \/>\n\t<meta property=\"og:image:type\" content=\"image\/png\" \/>\n<meta name=\"twitter:card\" content=\"summary_large_image\" \/>\n<meta name=\"twitter:label1\" content=\"Est. reading time\" \/>\n\t<meta name=\"twitter:data1\" content=\"2 minutes\" \/>\n<script type=\"application\/ld+json\" class=\"yoast-schema-graph\">{\"@context\":\"https:\/\/schema.org\",\"@graph\":[{\"@type\":[\"Article\",\"BlogPosting\"],\"@id\":\"https:\/\/novostar.com.tr\/uyelik-sozlesmesi\/#article\",\"isPartOf\":{\"@id\":\"https:\/\/novostar.com.tr\/uyelik-sozlesmesi\/\"},\"author\":{\"name\":\"Novo Star\",\"@id\":\"https:\/\/novostar.com.tr\/#\/schema\/person\/ee5bd63c474041f8eae8710123619986\"},\"headline\":\"\u00dcyelik S\u00f6zle\u015fmesi\",\"datePublished\":\"2025-07-06T20:25:34+00:00\",\"mainEntityOfPage\":{\"@id\":\"https:\/\/novostar.com.tr\/uyelik-sozlesmesi\/\"},\"wordCount\":480,\"publisher\":{\"@id\":\"https:\/\/novostar.com.tr\/#organization\"},\"inLanguage\":\"en-US\"},{\"@type\":\"WebPage\",\"@id\":\"https:\/\/novostar.com.tr\/uyelik-sozlesmesi\/\",\"url\":\"https:\/\/novostar.com.tr\/uyelik-sozlesmesi\/\",\"name\":\"\u00dcyelik S\u00f6zle\u015fmesi - Novo Star Hotel\",\"isPartOf\":{\"@id\":\"https:\/\/novostar.com.tr\/#website\"},\"datePublished\":\"2025-07-06T20:25:34+00:00\",\"breadcrumb\":{\"@id\":\"https:\/\/novostar.com.tr\/uyelik-sozlesmesi\/#breadcrumb\"},\"inLanguage\":\"en-US\",\"potentialAction\":[{\"@type\":\"ReadAction\",\"target\":[\"https:\/\/novostar.com.tr\/uyelik-sozlesmesi\/\"]}]},{\"@type\":\"BreadcrumbList\",\"@id\":\"https:\/\/novostar.com.tr\/uyelik-sozlesmesi\/#breadcrumb\",\"itemListElement\":[{\"@type\":\"ListItem\",\"position\":1,\"name\":\"Home\",\"item\":\"https:\/\/novostar.com.tr\/\"},{\"@type\":\"ListItem\",\"position\":2,\"name\":\"\u00dcyelik S\u00f6zle\u015fmesi\"}]},{\"@type\":\"WebSite\",\"@id\":\"https:\/\/novostar.com.tr\/#website\",\"url\":\"https:\/\/novostar.com.tr\/\",\"name\":\"Novo Star Hotel\",\"description\":\"\",\"publisher\":{\"@id\":\"https:\/\/novostar.com.tr\/#organization\"},\"potentialAction\":[{\"@type\":\"SearchAction\",\"target\":{\"@type\":\"EntryPoint\",\"urlTemplate\":\"https:\/\/novostar.com.tr\/?s={search_term_string}\"},\"query-input\":{\"@type\":\"PropertyValueSpecification\",\"valueRequired\":true,\"valueName\":\"search_term_string\"}}],\"inLanguage\":\"en-US\"},{\"@type\":\"Organization\",\"@id\":\"https:\/\/novostar.com.tr\/#organization\",\"name\":\"Novo Star Hotel\",\"url\":\"https:\/\/novostar.com.tr\/\",\"logo\":{\"@type\":\"ImageObject\",\"inLanguage\":\"en-US\",\"@id\":\"https:\/\/novostar.com.tr\/#\/schema\/logo\/image\/\",\"url\":\"https:\/\/novostar.com.tr\/wp-content\/uploads\/2025\/07\/cropped-novo-favicon.png\",\"contentUrl\":\"https:\/\/novostar.com.tr\/wp-content\/uploads\/2025\/07\/cropped-novo-favicon.png\",\"width\":512,\"height\":512,\"caption\":\"Novo Star Hotel\"},\"image\":{\"@id\":\"https:\/\/novostar.com.tr\/#\/schema\/logo\/image\/\"},\"description\":\"Edirne\u2019deki Kap\u0131kule S\u0131n\u0131r Kap\u0131s\u0131'na sadece dakikalar mesafede bulunan Novo Star Hotel, gurbet\u00e7i vatanda\u015flar\u0131m\u0131z i\u00e7in adeta ikinci bir ev oluyor.\",\"email\":\"rezervasyon@novostar.com.tr\",\"telephone\":\"+90 530 330 49 64\",\"legalName\":\"NOVOSTAR KONAK VE MARKET H\u0130ZM LTD. \u015eT\u0130\",\"foundingDate\":\"2019-06-01\",\"numberOfEmployees\":{\"@type\":\"QuantitativeValue\",\"minValue\":\"11\",\"maxValue\":\"50\"}},{\"@type\":\"Person\",\"@id\":\"https:\/\/novostar.com.tr\/#\/schema\/person\/ee5bd63c474041f8eae8710123619986\",\"name\":\"Novo Star\",\"image\":{\"@type\":\"ImageObject\",\"inLanguage\":\"en-US\",\"@id\":\"https:\/\/novostar.com.tr\/#\/schema\/person\/image\/\",\"url\":\"https:\/\/novostar.com.tr\/wp-content\/litespeed\/avatar\/240628ccd80656200ee580b5864d7c16.jpg?ver=1776131261\",\"contentUrl\":\"https:\/\/novostar.com.tr\/wp-content\/litespeed\/avatar\/240628ccd80656200ee580b5864d7c16.jpg?ver=1776131261\",\"caption\":\"Novo Star\"},\"sameAs\":[\"https:\/\/novostar.com.tr\"],\"url\":\"https:\/\/novostar.com.tr\/en\/author\/infokirei-com-tr\/\"}]}<\/script>\n<!-- \/ Yoast SEO Premium plugin. -->","yoast_head_json":{"title":"\u00dcyelik S\u00f6zle\u015fmesi - Novo Star Hotel","robots":{"index":"index","follow":"follow","max-snippet":"max-snippet:-1","max-image-preview":"max-image-preview:large","max-video-preview":"max-video-preview:-1"},"canonical":"https:\/\/novostar.com.tr\/en\/uyelik-sozlesmesi\/","og_locale":"en_US","og_type":"article","og_title":"\u00dcyelik S\u00f6zle\u015fmesi","og_description":"Edirne\u2019deki Kap\u0131kule S\u0131n\u0131r Kap\u0131s\u0131'na sadece dakikalar mesafede bulunan Novo Star Hotel, gurbet\u00e7i vatanda\u015flar\u0131m\u0131z i\u00e7in adeta ikinci bir ev oluyor.","og_url":"https:\/\/novostar.com.tr\/en\/uyelik-sozlesmesi\/","og_site_name":"Novo Star Hotel","og_image":[{"width":1200,"height":675,"url":"https:\/\/novostar.com.tr\/wp-content\/uploads\/2025\/07\/novostar-thumb.png","type":"image\/png"}],"twitter_card":"summary_large_image","twitter_misc":{"Est. reading time":"2 minutes"},"schema":{"@context":"https:\/\/schema.org","@graph":[{"@type":["Article","BlogPosting"],"@id":"https:\/\/novostar.com.tr\/uyelik-sozlesmesi\/#article","isPartOf":{"@id":"https:\/\/novostar.com.tr\/uyelik-sozlesmesi\/"},"author":{"name":"Novo Star","@id":"https:\/\/novostar.com.tr\/#\/schema\/person\/ee5bd63c474041f8eae8710123619986"},"headline":"\u00dcyelik S\u00f6zle\u015fmesi","datePublished":"2025-07-06T20:25:34+00:00","mainEntityOfPage":{"@id":"https:\/\/novostar.com.tr\/uyelik-sozlesmesi\/"},"wordCount":480,"publisher":{"@id":"https:\/\/novostar.com.tr\/#organization"},"inLanguage":"en-US"},{"@type":"WebPage","@id":"https:\/\/novostar.com.tr\/uyelik-sozlesmesi\/","url":"https:\/\/novostar.com.tr\/uyelik-sozlesmesi\/","name":"\u00dcyelik S\u00f6zle\u015fmesi - Novo Star Hotel","isPartOf":{"@id":"https:\/\/novostar.com.tr\/#website"},"datePublished":"2025-07-06T20:25:34+00:00","breadcrumb":{"@id":"https:\/\/novostar.com.tr\/uyelik-sozlesmesi\/#breadcrumb"},"inLanguage":"en-US","potentialAction":[{"@type":"ReadAction","target":["https:\/\/novostar.com.tr\/uyelik-sozlesmesi\/"]}]},{"@type":"BreadcrumbList","@id":"https:\/\/novostar.com.tr\/uyelik-sozlesmesi\/#breadcrumb","itemListElement":[{"@type":"ListItem","position":1,"name":"Home","item":"https:\/\/novostar.com.tr\/"},{"@type":"ListItem","position":2,"name":"\u00dcyelik S\u00f6zle\u015fmesi"}]},{"@type":"WebSite","@id":"https:\/\/novostar.com.tr\/#website","url":"https:\/\/novostar.com.tr\/","name":"Novo Star Hotel","description":"","publisher":{"@id":"https:\/\/novostar.com.tr\/#organization"},"potentialAction":[{"@type":"SearchAction","target":{"@type":"EntryPoint","urlTemplate":"https:\/\/novostar.com.tr\/?s={search_term_string}"},"query-input":{"@type":"PropertyValueSpecification","valueRequired":true,"valueName":"search_term_string"}}],"inLanguage":"en-US"},{"@type":"Organization","@id":"https:\/\/novostar.com.tr\/#organization","name":"Novo Star Hotel","url":"https:\/\/novostar.com.tr\/","logo":{"@type":"ImageObject","inLanguage":"en-US","@id":"https:\/\/novostar.com.tr\/#\/schema\/logo\/image\/","url":"https:\/\/novostar.com.tr\/wp-content\/uploads\/2025\/07\/cropped-novo-favicon.png","contentUrl":"https:\/\/novostar.com.tr\/wp-content\/uploads\/2025\/07\/cropped-novo-favicon.png","width":512,"height":512,"caption":"Novo Star Hotel"},"image":{"@id":"https:\/\/novostar.com.tr\/#\/schema\/logo\/image\/"},"description":"Edirne\u2019deki Kap\u0131kule S\u0131n\u0131r Kap\u0131s\u0131'na sadece dakikalar mesafede bulunan Novo Star Hotel, gurbet\u00e7i vatanda\u015flar\u0131m\u0131z i\u00e7in adeta ikinci bir ev oluyor.","email":"rezervasyon@novostar.com.tr","telephone":"+90 530 330 49 64","legalName":"NOVOSTAR KONAK VE MARKET H\u0130ZM LTD. \u015eT\u0130","foundingDate":"2019-06-01","numberOfEmployees":{"@type":"QuantitativeValue","minValue":"11","maxValue":"50"}},{"@type":"Person","@id":"https:\/\/novostar.com.tr\/#\/schema\/person\/ee5bd63c474041f8eae8710123619986","name":"Novo Star","image":{"@type":"ImageObject","inLanguage":"en-US","@id":"https:\/\/novostar.com.tr\/#\/schema\/person\/image\/","url":"https:\/\/novostar.com.tr\/wp-content\/litespeed\/avatar\/240628ccd80656200ee580b5864d7c16.jpg?ver=1776131261","contentUrl":"https:\/\/novostar.com.tr\/wp-content\/litespeed\/avatar\/240628ccd80656200ee580b5864d7c16.jpg?ver=1776131261","caption":"Novo Star"},"sameAs":["https:\/\/novostar.com.tr"],"url":"https:\/\/novostar.com.tr\/en\/author\/infokirei-com-tr\/"}]}},"_links":{"self":[{"href":"https:\/\/novostar.com.tr\/en\/wp-json\/wp\/v2\/pages\/4618","targetHints":{"allow":["GET"]}}],"collection":[{"href":"https:\/\/novostar.com.tr\/en\/wp-json\/wp\/v2\/pages"}],"about":[{"href":"https:\/\/novostar.com.tr\/en\/wp-json\/wp\/v2\/types\/page"}],"author":[{"embeddable":true,"href":"https:\/\/novostar.com.tr\/en\/wp-json\/wp\/v2\/users\/1"}],"replies":[{"embeddable":true,"href":"https:\/\/novostar.com.tr\/en\/wp-json\/wp\/v2\/comments?post=4618"}],"version-history":[{"count":1,"href":"https:\/\/novostar.com.tr\/en\/wp-json\/wp\/v2\/pages\/4618\/revisions"}],"predecessor-version":[{"id":4619,"href":"https:\/\/novostar.com.tr\/en\/wp-json\/wp\/v2\/pages\/4618\/revisions\/4619"}],"wp:attachment":[{"href":"https:\/\/novostar.com.tr\/en\/wp-json\/wp\/v2\/media?parent=4618"}],"curies":[{"name":"wp","href":"https:\/\/api.w.org\/{rel}","templated":true}]}}