{"id":2807,"date":"2023-08-10T09:56:06","date_gmt":"2023-08-10T09:56:06","guid":{"rendered":"https:\/\/novostar.com.tr\/?page_id=2807"},"modified":"2025-07-06T22:17:40","modified_gmt":"2025-07-06T22:17:40","slug":"odalarimiz","status":"publish","type":"page","link":"https:\/\/novostar.com.tr\/en\/odalarimiz\/","title":{"rendered":"Our Rooms"},"content":{"rendered":"<div data-elementor-type=\"wp-page\" data-elementor-id=\"2807\" class=\"elementor elementor-2807\">\n\t\t\t\t\t\t<section class=\"elementor-section elementor-top-section elementor-element elementor-element-1bf635b elementor-section-boxed elementor-section-height-default elementor-section-height-default\" data-id=\"1bf635b\" data-element_type=\"section\">\n\t\t\t\t\t\t<div class=\"elementor-container elementor-column-gap-default\">\n\t\t\t\t\t<div class=\"elementor-column elementor-col-100 elementor-top-column elementor-element elementor-element-7ee485f\" data-id=\"7ee485f\" data-element_type=\"column\">\n\t\t\t<div class=\"elementor-widget-wrap elementor-element-populated\">\n\t\t\t\t\t\t<div class=\"elementor-element elementor-element-eba4728 elementor-widget elementor-widget-ovabrw_search_ajax\" data-id=\"eba4728\" data-element_type=\"widget\" data-widget_type=\"ovabrw_search_ajax.default\">\n\t\t\t\t<div class=\"elementor-widget-container\">\n\t\t\t\t\t\n\n<div class=\"ovabrw-search-ajax\">\n\t<div class=\"wrap-search-ajax wrap-search-ajax-template1\"\n\t \tdata-adults=\"1\"\n\t    data-childrens=\"0\"\n\t    data-beds=\"1\"\n\t    data-baths=\"1\"  \n\t    data-icon_adults=\"{&quot;value&quot;:&quot;far fa-user&quot;,&quot;library&quot;:&quot;all&quot;}\"\n\t    data-icon_children=\"{&quot;value&quot;:&quot;far fa-user-circle&quot;,&quot;library&quot;:&quot;all&quot;}\"\n\t    data-icon_area=\"{&quot;value&quot;:{&quot;url&quot;:&quot;https:\\\/\\\/novostar.com.tr\\\/wp-content\\\/uploads\\\/2023\\\/08\\\/drafting-compass.svg&quot;,&quot;id&quot;:2520},&quot;library&quot;:&quot;svg&quot;}\"\n\t    data-icon_beds=\"{&quot;value&quot;:&quot;fas fa-bed&quot;,&quot;library&quot;:&quot;all&quot;}\"\n\t    data-icon_baths=\"{&quot;value&quot;:&quot;fas fa-bath&quot;,&quot;library&quot;:&quot;all&quot;}\"\n\t\tdata-template=\"template1\"\n\t\tdata-field_1=\"adults\"\n\t\tdata-field_2=\"acreage\"\n\t\tdata-field_3=\"\"\n\t\tdata-field_4=\"\"\n\t\tdata-field_5=\"\"\n\t\tdata-clicked=\"\"\n\t>\n\t\t\n\t\t<!-- Search -->\n\t\t\n<div class=\"ovabrw-search\">\n\n\t<form action=\"https:\/\/novostar.com.tr\/en\/\" method=\"POST\" class=\"ovabrw-search-form\" data-trp-original-action=\"https:\/\/novostar.com.tr\/en\">\n\n\t\t\n\t\t\n\t\t<div class=\"ovabrw-s-field\">\n\n\t\t\t<div class=\"search-field date-control\">\n\t\t\t\t<div class=\"ovabrw-label\">\n\t\t\t\t\t\t\t\t\t\t<span class=\"label\">Check-in<\/span>\n\t\t\t\t<\/div>\n\t\t\t\t<div class=\"ovabrw-input\">\n\t\t\t\t\t<input \n\t\t\t\t\t\ttype=\"text\" \n\t\t\t\t\t\tname=\"ovabrw_pickup_date\" \n\t\t\t\t\t\tvalue=\"\"\n\t\t\t\t\t\tclass=\"ovabrw_datetimepicker ovabrw_start_date\" \n\t\t\t\t\t\tplaceholder=\"&#9661\" \n\t\t\t\t\t\tautocomplete=\"off\" \n\t\t\t\t\t\tdata-hour_default=\"07:00\" \n\t\t\t\t\t\tdata-time_step=\"30\" \n\t\t\t\t\t\tdata-dateformat=\"d-m-Y\" \n\t\t\t\t\t\tonkeydown=\"return false\" \n\t\t\t\t\t\tonfocus=\"blur();\" \/>\n\t\t\t\t<\/div>\n\t\t\t<\/div>\n\n\t\t\t<div class=\"search-field date-control\">\n\t\t\t\t<div class=\"ovabrw-label\">\n\t\t\t\t\t\t\t\t\t\t<span class=\"label\">Check-out<\/span>\n\t\t\t\t<\/div>\n\t\t\t\t<div class=\"ovabrw-input\">\n\t\t\t\t\t<input \n\t\t\t\t\t\ttype=\"text\" \n\t\t\t\t\t\tname=\"ovabrw_dropoff_date\"\n\t\t\t\t\t\tvalue=\"\"\n\t\t\t\t\t\tclass=\"ovabrw_datetimepicker ovabrw_end_date\" \n\t\t\t\t\t\tplaceholder=\"&#9661\" \n\t\t\t\t\t\tautocomplete=\"off\" \n\t\t\t\t\t\tdata-hour_default=\"07:00\" \n\t\t\t\t\t\tdata-time_step=\"30\" \n\t\t\t\t\t\tdata-dateformat=\"d-m-Y\" \n\t\t\t\t\t\tonkeydown=\"return false\" \n\t\t\t\t\t\tonfocus=\"blur();\" \/>\n\t\t\t\t<\/div>\n\t\t\t<\/div>\n\n\t\t\t<div class=\"search-field adults-control\">\n\t\t\t\t<div class=\"ovabrw-label\">\n\t\t\t\t\t<span class=\"label\">Adult<\/span>\n\t\t\t\t<\/div>\n\t\t\t\t<div class=\"ovabrw-input\">\n\t\t\t\t\t<input \n\t\t\t\t\t\ttype=\"number\" \n\t\t\t\t\t\tid=\"ovabrw_adults\" \n\t\t\t\t\t\tname=\"ovabrw_adults\" \n\t\t\t\t\t\tclass=\"ovabrw_adults\" \n\t\t\t\t\t\tvalue=\"1\" \n\t\t\t\t\t\tmin=\"1\" \n\t\t\t\t\t\tmax=\"5\" \/>\n\t\t\t\t<\/div>\n\t\t\t<\/div>\n\n\t\t\t\t\t\t<div class=\"search-field children-control\">\n\t\t\t\t<div class=\"ovabrw-label\">\n\t\t\t\t\t<span class=\"label\">Child<\/span>\n\t\t\t\t<\/div>\n\t\t\t\t<div class=\"ovabrw-input\">\n\t\t\t\t\t<input \n\t\t\t\t\t\ttype=\"number\" \n\t\t\t\t\t\tid=\"ovabrw_childrens\" \n\t\t\t\t\t\tname=\"ovabrw_childrens\" \n\t\t\t\t\t\tclass=\"ovabrw_childrens\" \n\t\t\t\t\t\tvalue=\"0\" \n\t\t\t\t\t\tmin=\"0\" \n\t\t\t\t\t\tmax=\"4\" \/>\n\t\t\t\t<\/div>\n\t\t\t<\/div>\n\t\t\t\n\t\t\t\n\t\t\t\n\t\t\t<div class=\"search-field ovabrw-search-btn\">\n\t\t\t\t\t\t\t\t<input type=\"hidden\" name=\"ovabrw_s_clicked\" value=\"true\" \/>\n\t\t\t\t<button class=\"ovabrw-btn\" type=\"submit\">\n\t\t\t\t\tSearch Now<i aria-hidden=\"true\" class=\"ovaicon ovaicon-next\"><\/i>\t\t\t\t<\/button>\n\t\t\t<\/div>\n\n\t\t<\/div>\n\n\t<input type=\"hidden\" name=\"trp-form-language\" value=\"en\"\/><\/form>\n\t\n<\/div>\n\t\t <!-- Filter -->\n\t\t\t        <div class=\"ovabrw-room-filter\">\n\t        \t\n\t        \t<div class=\"left-filter\">\n\t        \t\t<div class=\"found-text\" style=\"display: inline-block;\">\n\t        \t\t\t<span class=\"room-found-text number-result-room-found\">\n\t\t\t        \t\t0\t\t\t        \t<\/span>\n\t\t        \t\t<span class=\"room-found-text\">\n\t\t\t        \t\tRoom Found\t\t\t        \t<\/span>\n\t        \t\t<\/div>\n\t\t        \t<span class=\"clear-filter\">\n\t\t        \t\t\t\t        \t<\/span>\n\t        \t<\/div>\n\n\t        \t<div class=\"right-filter\">\n\t        \t\t<div class=\"filter-sort\">\n\n\t        \t\t\t<input type=\"text\" class=\"input_select_input\" name=\"sr_sort_by_label\" value=\"Sort by\" autocomplete=\"off\" readonly=\"readonly\">\n\n\t\t\t\t\t\t<input type=\"hidden\" class=\"input_select_input_value\" name=\"sr_sort_by\" value=\"\">\n\n\t\t\t\t\t\t<i aria-hidden=\"true\" class=\"asc_sort ovaicon ovaicon-double-chevron\"><\/i>\n\n\t\t\t\t\t\t<ul class=\"input_select_list\" style=\"display: none;\">\n\t\t\t\t\t\t    <li class=\"term_item\" \n\t\t\t\t\t\t    \tdata-id=\"id_desc\" \n\t\t\t\t\t\t    \tdata-value=\"Sort by latest\"\n\t\t\t\t\t\t    >\n\t\t\t\t\t\t\t    Latest\t\t\t\t\t\t\t<\/li>\n\t\t\t\t\t\t\t<li class=\"term_item\" \n\t\t\t\t\t\t\t\tdata-id=\"rating_desc\" \n\t\t\t\t\t\t\t\tdata-value=\"Sort by rating\"\n\t\t\t\t\t\t\t>\n\t\t\t\t\t\t\t\tRating\t\t\t\t\t\t\t<\/li>\n\t\t\t\t\t\t\t<li class=\"term_item\" \n\t\t\t\t\t\t\t\tdata-id=\"price_asc\" \n\t\t\t\t\t\t\t\tdata-value=\"Sort by price: low to high\"\n\t\t\t\t\t\t\t>\n\t\t\t\t\t\t\t\tPrice: low to high\t\t\t\t\t\t\t<\/li>\n\t\t\t\t\t\t\t<li class=\"term_item\" \n\t\t\t\t\t\t\t\tdata-id=\"price_desc\" \n\t\t\t\t\t\t\t\tdata-value=\"Sort by price: high to low\"\n\t\t\t\t\t\t\t>\n\t\t\t\t\t\t\t\tPrice: high to low\t\t\t\t\t\t\t<\/li>\n\t\t\t\t\t\t<\/ul>\n\t\t\t\t\t<\/div>\n\n\t        \t\t<div class=\"filter-result-layout\">\n\t\t        \t\t<i aria-hidden=\"true\" class=\"filter-layout filter-layout-active ovaicon ovaicon-menu-3\" data-layout=\"template1\"><\/i>\n\t\t        \t\t<i aria-hidden=\"true\" class=\"filter-layout  ovaicon ovaicon-menu-2\" data-layout=\"template3\"><\/i>\n\t\t\t\t\t\t<i aria-hidden=\"true\" class=\"filter-layout  ovaicon ovaicon-list\" data-layout=\"template2\"><\/i>\n\t\t\t\t\t<\/div>\n\t         \t<\/div>\t\n\t        <\/div>\n\t    \n\t\t<!-- Load more -->\n\t\t<div class=\"wrap-load-more\" style=\"display: none;\">\n\t\t\t<svg class=\"loader\" width=\"50\" height=\"50\">\n\t\t\t\t<circle cx=\"25\" cy=\"25\" r=\"10\" \/>\n\t\t\t\t<circle cx=\"25\" cy=\"25\" r=\"20\" \/>\n\t\t\t<\/svg>\n\t\t<\/div>\n\n\t\t<!-- Search result -->\n\t\t<div \n\t\t\tid=\"search-ajax-result\" \n\t\t\tclass=\"search-ajax-result\" \n\t\t\tdata-order=\"ASC\" \n\t\t\tdata-orderby=\"title\"\n\t\t\tdata-orderby_meta_key=\"\"  \n\t\t\tdata-posts-per-page=\"9\">\n\t\t<\/div>\n\n<\/div>\t\t\t\t<\/div>\n\t\t\t\t<\/div>\n\t\t\t\t\t<\/div>\n\t\t<\/div>\n\t\t\t\t\t<\/div>\n\t\t<\/section>\n\t\t\t\t<\/div>","protected":false},"excerpt":{"rendered":"<p>Check-in Check-out Yeti\u015fkin \u00c7ocuk Hemen Aray\u0131n 0 Oda Bulundu Latest Rating Price: low to high Price: high to low<\/p>","protected":false},"author":1,"featured_media":0,"parent":0,"menu_order":0,"comment_status":"closed","ping_status":"closed","template":"elementor_header_footer","meta":{"_monsterinsights_skip_tracking":false,"_monsterinsights_sitenote_active":false,"_monsterinsights_sitenote_note":"","_monsterinsights_sitenote_category":0,"_uf_show_specific_survey":0,"_uf_disable_surveys":false,"footnotes":""},"class_list":["post-2807","page","type-page","status-publish","hentry"],"yoast_head":"<!-- This site is optimized with the Yoast SEO Premium plugin v25.0 (Yoast SEO v25.0) - https:\/\/yoast.com\/wordpress\/plugins\/seo\/ -->\n<title>Odalar\u0131m\u0131z - Novo Star Hotel<\/title>\n<meta name=\"robots\" content=\"index, follow, max-snippet:-1, max-image-preview:large, max-video-preview:-1\" \/>\n<link rel=\"canonical\" href=\"https:\/\/novostar.com.tr\/en\/odalarimiz\/\" \/>\n<meta property=\"og:locale\" content=\"en_US\" \/>\n<meta property=\"og:type\" content=\"article\" \/>\n<meta property=\"og:title\" content=\"Odalar\u0131m\u0131z\" \/>\n<meta property=\"og:description\" content=\"Edirne\u2019deki Kap\u0131kule S\u0131n\u0131r Kap\u0131s\u0131&#039;na sadece dakikalar mesafede bulunan Novo Star Hotel, gurbet\u00e7i vatanda\u015flar\u0131m\u0131z i\u00e7in adeta ikinci bir ev oluyor.\" \/>\n<meta property=\"og:url\" content=\"https:\/\/novostar.com.tr\/en\/odalarimiz\/\" \/>\n<meta property=\"og:site_name\" content=\"Novo Star Hotel\" \/>\n<meta property=\"article:modified_time\" content=\"2025-07-06T22:17:40+00:00\" \/>\n<meta property=\"og:image\" content=\"https:\/\/novostar.com.tr\/wp-content\/uploads\/2025\/07\/novostar-thumb.png\" \/>\n\t<meta property=\"og:image:width\" content=\"1200\" \/>\n\t<meta property=\"og:image:height\" content=\"675\" \/>\n\t<meta property=\"og:image:type\" content=\"image\/png\" \/>\n<meta name=\"twitter:card\" content=\"summary_large_image\" \/>\n<meta name=\"twitter:label1\" content=\"Est. reading time\" \/>\n\t<meta name=\"twitter:data1\" content=\"1 minute\" \/>\n<script type=\"application\/ld+json\" class=\"yoast-schema-graph\">{\"@context\":\"https:\/\/schema.org\",\"@graph\":[{\"@type\":[\"Article\",\"BlogPosting\"],\"@id\":\"https:\/\/novostar.com.tr\/odalarimiz\/#article\",\"isPartOf\":{\"@id\":\"https:\/\/novostar.com.tr\/odalarimiz\/\"},\"author\":{\"name\":\"Novo Star\",\"@id\":\"https:\/\/novostar.com.tr\/#\/schema\/person\/ee5bd63c474041f8eae8710123619986\"},\"headline\":\"Odalar\u0131m\u0131z\",\"datePublished\":\"2023-08-10T09:56:06+00:00\",\"dateModified\":\"2025-07-06T22:17:40+00:00\",\"mainEntityOfPage\":{\"@id\":\"https:\/\/novostar.com.tr\/odalarimiz\/\"},\"wordCount\":23,\"publisher\":{\"@id\":\"https:\/\/novostar.com.tr\/#organization\"},\"inLanguage\":\"en-US\"},{\"@type\":\"WebPage\",\"@id\":\"https:\/\/novostar.com.tr\/odalarimiz\/\",\"url\":\"https:\/\/novostar.com.tr\/odalarimiz\/\",\"name\":\"Odalar\u0131m\u0131z - Novo Star Hotel\",\"isPartOf\":{\"@id\":\"https:\/\/novostar.com.tr\/#website\"},\"datePublished\":\"2023-08-10T09:56:06+00:00\",\"dateModified\":\"2025-07-06T22:17:40+00:00\",\"breadcrumb\":{\"@id\":\"https:\/\/novostar.com.tr\/odalarimiz\/#breadcrumb\"},\"inLanguage\":\"en-US\",\"potentialAction\":[{\"@type\":\"ReadAction\",\"target\":[\"https:\/\/novostar.com.tr\/odalarimiz\/\"]}]},{\"@type\":\"BreadcrumbList\",\"@id\":\"https:\/\/novostar.com.tr\/odalarimiz\/#breadcrumb\",\"itemListElement\":[{\"@type\":\"ListItem\",\"position\":1,\"name\":\"Home\",\"item\":\"https:\/\/novostar.com.tr\/\"},{\"@type\":\"ListItem\",\"position\":2,\"name\":\"Odalar\u0131m\u0131z\"}]},{\"@type\":\"WebSite\",\"@id\":\"https:\/\/novostar.com.tr\/#website\",\"url\":\"https:\/\/novostar.com.tr\/\",\"name\":\"Novo Star Hotel\",\"description\":\"\",\"publisher\":{\"@id\":\"https:\/\/novostar.com.tr\/#organization\"},\"potentialAction\":[{\"@type\":\"SearchAction\",\"target\":{\"@type\":\"EntryPoint\",\"urlTemplate\":\"https:\/\/novostar.com.tr\/?s={search_term_string}\"},\"query-input\":{\"@type\":\"PropertyValueSpecification\",\"valueRequired\":true,\"valueName\":\"search_term_string\"}}],\"inLanguage\":\"en-US\"},{\"@type\":\"Organization\",\"@id\":\"https:\/\/novostar.com.tr\/#organization\",\"name\":\"Novo Star Hotel\",\"url\":\"https:\/\/novostar.com.tr\/\",\"logo\":{\"@type\":\"ImageObject\",\"inLanguage\":\"en-US\",\"@id\":\"https:\/\/novostar.com.tr\/#\/schema\/logo\/image\/\",\"url\":\"https:\/\/novostar.com.tr\/wp-content\/uploads\/2025\/07\/cropped-novo-favicon.png\",\"contentUrl\":\"https:\/\/novostar.com.tr\/wp-content\/uploads\/2025\/07\/cropped-novo-favicon.png\",\"width\":512,\"height\":512,\"caption\":\"Novo Star Hotel\"},\"image\":{\"@id\":\"https:\/\/novostar.com.tr\/#\/schema\/logo\/image\/\"},\"description\":\"Edirne\u2019deki Kap\u0131kule S\u0131n\u0131r Kap\u0131s\u0131'na sadece dakikalar mesafede bulunan Novo Star Hotel, gurbet\u00e7i vatanda\u015flar\u0131m\u0131z i\u00e7in adeta ikinci bir ev oluyor.\",\"email\":\"rezervasyon@novostar.com.tr\",\"telephone\":\"+90 530 330 49 64\",\"legalName\":\"NOVOSTAR KONAK VE MARKET H\u0130ZM LTD. \u015eT\u0130\",\"foundingDate\":\"2019-06-01\",\"numberOfEmployees\":{\"@type\":\"QuantitativeValue\",\"minValue\":\"11\",\"maxValue\":\"50\"}},{\"@type\":\"Person\",\"@id\":\"https:\/\/novostar.com.tr\/#\/schema\/person\/ee5bd63c474041f8eae8710123619986\",\"name\":\"Novo Star\",\"image\":{\"@type\":\"ImageObject\",\"inLanguage\":\"en-US\",\"@id\":\"https:\/\/novostar.com.tr\/#\/schema\/person\/image\/\",\"url\":\"https:\/\/novostar.com.tr\/wp-content\/litespeed\/avatar\/240628ccd80656200ee580b5864d7c16.jpg?ver=1776131261\",\"contentUrl\":\"https:\/\/novostar.com.tr\/wp-content\/litespeed\/avatar\/240628ccd80656200ee580b5864d7c16.jpg?ver=1776131261\",\"caption\":\"Novo Star\"},\"sameAs\":[\"https:\/\/novostar.com.tr\"],\"url\":\"https:\/\/novostar.com.tr\/en\/author\/infokirei-com-tr\/\"}]}<\/script>\n<!-- \/ Yoast SEO Premium plugin. -->","yoast_head_json":{"title":"Odalar\u0131m\u0131z - Novo Star Hotel","robots":{"index":"index","follow":"follow","max-snippet":"max-snippet:-1","max-image-preview":"max-image-preview:large","max-video-preview":"max-video-preview:-1"},"canonical":"https:\/\/novostar.com.tr\/en\/odalarimiz\/","og_locale":"en_US","og_type":"article","og_title":"Odalar\u0131m\u0131z","og_description":"Edirne\u2019deki Kap\u0131kule S\u0131n\u0131r Kap\u0131s\u0131'na sadece dakikalar mesafede bulunan Novo Star Hotel, gurbet\u00e7i vatanda\u015flar\u0131m\u0131z i\u00e7in adeta ikinci bir ev oluyor.","og_url":"https:\/\/novostar.com.tr\/en\/odalarimiz\/","og_site_name":"Novo Star Hotel","article_modified_time":"2025-07-06T22:17:40+00:00","og_image":[{"width":1200,"height":675,"url":"https:\/\/novostar.com.tr\/wp-content\/uploads\/2025\/07\/novostar-thumb.png","type":"image\/png"}],"twitter_card":"summary_large_image","twitter_misc":{"Est. reading time":"1 minute"},"schema":{"@context":"https:\/\/schema.org","@graph":[{"@type":["Article","BlogPosting"],"@id":"https:\/\/novostar.com.tr\/odalarimiz\/#article","isPartOf":{"@id":"https:\/\/novostar.com.tr\/odalarimiz\/"},"author":{"name":"Novo Star","@id":"https:\/\/novostar.com.tr\/#\/schema\/person\/ee5bd63c474041f8eae8710123619986"},"headline":"Odalar\u0131m\u0131z","datePublished":"2023-08-10T09:56:06+00:00","dateModified":"2025-07-06T22:17:40+00:00","mainEntityOfPage":{"@id":"https:\/\/novostar.com.tr\/odalarimiz\/"},"wordCount":23,"publisher":{"@id":"https:\/\/novostar.com.tr\/#organization"},"inLanguage":"en-US"},{"@type":"WebPage","@id":"https:\/\/novostar.com.tr\/odalarimiz\/","url":"https:\/\/novostar.com.tr\/odalarimiz\/","name":"Odalar\u0131m\u0131z - Novo Star Hotel","isPartOf":{"@id":"https:\/\/novostar.com.tr\/#website"},"datePublished":"2023-08-10T09:56:06+00:00","dateModified":"2025-07-06T22:17:40+00:00","breadcrumb":{"@id":"https:\/\/novostar.com.tr\/odalarimiz\/#breadcrumb"},"inLanguage":"en-US","potentialAction":[{"@type":"ReadAction","target":["https:\/\/novostar.com.tr\/odalarimiz\/"]}]},{"@type":"BreadcrumbList","@id":"https:\/\/novostar.com.tr\/odalarimiz\/#breadcrumb","itemListElement":[{"@type":"ListItem","position":1,"name":"Home","item":"https:\/\/novostar.com.tr\/"},{"@type":"ListItem","position":2,"name":"Odalar\u0131m\u0131z"}]},{"@type":"WebSite","@id":"https:\/\/novostar.com.tr\/#website","url":"https:\/\/novostar.com.tr\/","name":"Novo Star Hotel","description":"","publisher":{"@id":"https:\/\/novostar.com.tr\/#organization"},"potentialAction":[{"@type":"SearchAction","target":{"@type":"EntryPoint","urlTemplate":"https:\/\/novostar.com.tr\/?s={search_term_string}"},"query-input":{"@type":"PropertyValueSpecification","valueRequired":true,"valueName":"search_term_string"}}],"inLanguage":"en-US"},{"@type":"Organization","@id":"https:\/\/novostar.com.tr\/#organization","name":"Novo Star Hotel","url":"https:\/\/novostar.com.tr\/","logo":{"@type":"ImageObject","inLanguage":"en-US","@id":"https:\/\/novostar.com.tr\/#\/schema\/logo\/image\/","url":"https:\/\/novostar.com.tr\/wp-content\/uploads\/2025\/07\/cropped-novo-favicon.png","contentUrl":"https:\/\/novostar.com.tr\/wp-content\/uploads\/2025\/07\/cropped-novo-favicon.png","width":512,"height":512,"caption":"Novo Star Hotel"},"image":{"@id":"https:\/\/novostar.com.tr\/#\/schema\/logo\/image\/"},"description":"Edirne\u2019deki Kap\u0131kule S\u0131n\u0131r Kap\u0131s\u0131'na sadece dakikalar mesafede bulunan Novo Star Hotel, gurbet\u00e7i vatanda\u015flar\u0131m\u0131z i\u00e7in adeta ikinci bir ev oluyor.","email":"rezervasyon@novostar.com.tr","telephone":"+90 530 330 49 64","legalName":"NOVOSTAR KONAK VE MARKET H\u0130ZM LTD. \u015eT\u0130","foundingDate":"2019-06-01","numberOfEmployees":{"@type":"QuantitativeValue","minValue":"11","maxValue":"50"}},{"@type":"Person","@id":"https:\/\/novostar.com.tr\/#\/schema\/person\/ee5bd63c474041f8eae8710123619986","name":"Novo Star","image":{"@type":"ImageObject","inLanguage":"en-US","@id":"https:\/\/novostar.com.tr\/#\/schema\/person\/image\/","url":"https:\/\/novostar.com.tr\/wp-content\/litespeed\/avatar\/240628ccd80656200ee580b5864d7c16.jpg?ver=1776131261","contentUrl":"https:\/\/novostar.com.tr\/wp-content\/litespeed\/avatar\/240628ccd80656200ee580b5864d7c16.jpg?ver=1776131261","caption":"Novo Star"},"sameAs":["https:\/\/novostar.com.tr"],"url":"https:\/\/novostar.com.tr\/en\/author\/infokirei-com-tr\/"}]}},"_links":{"self":[{"href":"https:\/\/novostar.com.tr\/en\/wp-json\/wp\/v2\/pages\/2807","targetHints":{"allow":["GET"]}}],"collection":[{"href":"https:\/\/novostar.com.tr\/en\/wp-json\/wp\/v2\/pages"}],"about":[{"href":"https:\/\/novostar.com.tr\/en\/wp-json\/wp\/v2\/types\/page"}],"author":[{"embeddable":true,"href":"https:\/\/novostar.com.tr\/en\/wp-json\/wp\/v2\/users\/1"}],"replies":[{"embeddable":true,"href":"https:\/\/novostar.com.tr\/en\/wp-json\/wp\/v2\/comments?post=2807"}],"version-history":[{"count":4,"href":"https:\/\/novostar.com.tr\/en\/wp-json\/wp\/v2\/pages\/2807\/revisions"}],"predecessor-version":[{"id":4706,"href":"https:\/\/novostar.com.tr\/en\/wp-json\/wp\/v2\/pages\/2807\/revisions\/4706"}],"wp:attachment":[{"href":"https:\/\/novostar.com.tr\/en\/wp-json\/wp\/v2\/media?parent=2807"}],"curies":[{"name":"wp","href":"https:\/\/api.w.org\/{rel}","templated":true}]}}