{"id":4621,"date":"2025-07-06T20:27:18","date_gmt":"2025-07-06T20:27:18","guid":{"rendered":"https:\/\/novostar.com.tr\/?page_id=4621"},"modified":"2025-07-06T20:27:19","modified_gmt":"2025-07-06T20:27:19","slug":"satis-sozlesmesi","status":"publish","type":"page","link":"https:\/\/novostar.com.tr\/el\/satis-sozlesmesi\/","title":{"rendered":"\u03a3\u03cd\u03bc\u03b2\u03b1\u03c3\u03b7 \u03c0\u03ce\u03bb\u03b7\u03c3\u03b7\u03c2"},"content":{"rendered":"<p>T\u00fcm kullan\u0131c\u0131lar \u00fcyelik i\u015flemlerini ger\u00e7ekle\u015ftirdikleri anda \u015fat\u0131\u015f s\u00f6zle\u015fmesini okuduklar\u0131n\u0131 ve onaylad\u0131klar\u0131n\u0131 kabul etmi\u015f say\u0131l\u0131rlar.<\/p>\n\n\n\n<p><strong>\u03a3\u03cd\u03bc\u03b2\u03b1\u03c3\u03b7 \u03c0\u03ce\u03bb\u03b7\u03c3\u03b7\u03c2<\/strong><\/p>\n\n\n\n<p>Novo Star Dinlenme Tesisi ile M\u00fc\u015fteri aras\u0131ndaki Sanal Ortamda Sat\u0131\u015f S\u00f6zle\u015fmesidir.<\/p>\n\n\n\n<p>Madde \u2013 1<br>Is bu s\u00f6zle\u015fmenin konusu, sat\u0131c\u0131n\u0131n, al\u0131c\u0131ya sat\u0131s\u0131n\u0131 yapt\u0131\u0131, a\u015fa\u0131da nitelikleri ve sat\u0131\u015f fiyat\u0131 belirtilen \u00fcr\u00fcn\u00fcn sat\u0131s\u0131 ve teslimi ile ilgili olarak 4077 say\u0131l\u0131 T\u00fcketicilerin Korunmas\u0131 Hakk\u0131ndaki Kanunun; Mesafeli S\u00f6zle\u015fmeleri Uygulama Esas ve Usulleri Hakk\u0131nda Y\u00f6netmelik h\u00fck\u00fcmleri gereince taraflar\u0131n hak ve y\u00fck\u00fcml\u00fcl\u00fcklerinin kapsamaktad\u0131r.<\/p>\n\n\n\n<p><br>Madde \u2013 2<br>SATICI BILGILERI<br>Novo Star Dinlenme Tesisi<\/p>\n\n\n\n<p><br>Madde \u2013 3<br>ALICI BILGILERI<br>T\u00fcm \u00fcyeler: Novo Star Firmas\u0131n\u0131n e-ticaret ma\u011fazas\u0131 topalogluticaret.com.tr\u2019ye\u00a0\u00fcye olup al\u0131\u015fveri\u015f yapan t\u00fcm al\u0131c\u0131lar. (Bundan sonra al\u0131c\u0131 veya m\u00fc\u015fteri olarak an\u0131lacakt\u0131r).<\/p>\n\n\n\n<p><br>Madde \u2013 4<br>S\u00d6ZLESME KONUSU VE \u00dcR\u00dcN BILGILERI:<br>Mal\/\u00dcr\u00fcn veya Hizmetin; T\u00fcr\u00fc, Miktar\u0131, Marka\/Modeli, Rengi, Adedi, Sat\u0131\u015f Bedeli ve \u00d6deme Sekli, sitede belirtildi\u011fi gibi olup, bu vaatler al\u0131c\u0131ya bildirilmeden dei\u015fiklik g\u00f6sterebilmektedir.<\/p>\n\n\n\n<p>Madde \u2013 5<br>GENEL H\u00dcK\u00dcMLER<br>5.1 \u2013 ALICI, Madde 4te belirtilen s\u00f6zle\u015fme konusu \u00fcr\u00fcn\u00fcn temel nitelikleri, sat\u0131\u015f fiyat\u0131 ve \u00f6deme sekli ile teslimata ili\u015fkin t\u00fcm \u00f6n bilgileri okuyup bilgi sahibi oldu\u011funu ve elektronik ortamda gerekli teyidi verdi\u011fini beyan eder.<br>5.2 \u2013 S\u00f6zle\u015fme konusu \u00fcr\u00fcn, yasal 30 g\u00fcnl\u00fck s\u00fcreyi asmamak ko\u015fulu ile her bir \u00fcr\u00fcn i\u00e7in alicinin yerle\u015fim yerinin uzakl\u0131\u011f\u0131na ba\u011fl\u0131 olarak \u00f6n bilgiler i\u00e7inde a\u00e7\u0131klanan s\u00fcre i\u00e7inde alici veya g\u00f6sterdi\u011fi adresteki ki\u015fi veya kurulu\u015fa teslim edilir.<br>5.3 \u2013 S\u00f6zle\u015fme konusu \u00fcr\u00fcn, al\u0131c\u0131dan ba\u015fka bir ki\u015fi veya kurulu\u015fa teslim edilecek ise, teslim edilecek ki\u015fi veya kurulusun teslimat\u0131 kabul etmemesinden dolay\u0131 SATICI sorumlu tutulamaz.<br>5.4 \u201d SATICI , s\u00f6zlesme konusu \u00fcr\u00fcn\u00fcn saglam, eksiksiz, sipariste belirtilen niteliklere uygun ve varsa garanti belgeleri ve kullanim kilavuzlari ile birlikte teslim edilmesinden sorumludur.<br>5.5 \u2013 S\u00f6zlesme konusu \u00fcr\u00fcn\u00fcn teslimati i\u00e7in is bu s\u00f6zlesmenin elektronik ortamda onaylanmis olmasi ve satis bedelinin alicinin tercih ettigi \u00f6deme sekli ile \u00f6denmis olmasi sarttir. Herhangi bir nedenle \u00fcr\u00fcn bedeli \u00f6denmez veya banka kayitlarinda iptal edilir ise, SATICI \u00fcr\u00fcn\u00fcn teslimi y\u00fck\u00fcml\u00fcl\u00fcg\u00fcnden kurtulmus kabul edilir.<br>5.6 \u2013 \u00dcr\u00fcn\u00fcn tesliminden sonra aliciya ait kredi kartinin alicinin kusurundan kaynaklanmayan bir sekilde yetkisiz kisilerce haksiz veya hukuka aykiri olarak kullanilmasi nedeni ile ilgili banka veya finans kurulusun \u00fcr\u00fcn bedelini SATICI ya \u00f6dememesi halinde, ALICI kendisi veya satis s\u00f6zlesmesinde belirttigi kisi veya kuruma teslim edilmis olan \u00fcr\u00fcn\u00fc 3 isg\u00fcn\u00fc i\u00e7inde SATICI ya g\u00f6ndermek zorundadir. B\u00f6yle bir durumda nakliye giderleri aliciya aittir.<br>5.7 \u2013 SATICI m\u00fccbir sebepler veya nakliyeyi engelleyen hava muhalefeti, ulasimin kesilmesi gibi olagan\u00fcst\u00fc durumlar nedeni ile s\u00f6zlesme konusu \u00fcr\u00fcn\u00fc s\u00fcresi i\u00e7inde teslim edemez ise, durumu aliciya bildirmekle y\u00fck\u00fcml\u00fcd\u00fcr. Bu takdirde alici siparisinin iptal edilmesini, s\u00f6zlesme konusu \u00fcr\u00fcn\u00fcn varsa emsali ile degistirilmesini, ve\/veya teslimat s\u00fcresinin engelleyici durumun ortadan kalkmasina kadar ertelenmesi haklarindan birini kullanabilir. Alicinin siparisi iptal etmesi halinde, SATICI 7 g\u00fcn i\u00e7inde aliciya ait kredi karti fisinin iptali ve ilgili tutarin alicinin hesabina iade edilmesi konusunda ilgili banka nezdinde girisimde bulunur ve yapilan islem elektronik posta araciligi ile ALICIya bildirilir. B\u00f6yle bir durumda ilgili bankadan kaynaklanan gecikmelerden dolayi SATICI sorumlu tutulamaz.<br>5.8 \u2013 ALICI ve\/veya ALICInin teslimat yapilmasi istedigi kisi ve\/veya kurumlara teslim edilmis olan \u00fcr\u00fcnlerin arizali veya bozuk olmasi durumunda, garanti sartlari i\u00e7inde gerekli onarim veya degistirme isleminin yapilmasi i\u00e7in ilgili \u00fcr\u00fcn veya \u00fcr\u00fcnler SATICIya, ALICI tarafinin teslim aldigi tarihten baslayarak 7 g\u00fcn i\u00e7inde g\u00f6nderilir ve nakliye giderleri SATICI tarafindan karsilanir. B\u00f6yle bir durumda 7 g\u00fcnl\u00fck s\u00fcrenin dolmasi halinde, ALICI teslim almis oldugu \u00fcr\u00fcn\u00fc ilgili servisine g\u00f6t\u00fcrmek zorundadir.<br>5.9- Is bu s\u00f6zlesme, alici tarafindan elektronik olarak onaylandiktan(\u00fcyelik ger\u00e7eklestirikdikten sonra) \u2026\u2026\u2026\u2026\u2026\u2026\u2026\u2026\u2026\u2026.. adresine ulastirildiktan sonra ge\u00e7erlilik kazanir.<br>Madde \u2013 6<\/p>\n\n\n\n<p><br>CAYMA HAKKI:<br>Alici, s\u00f6zlesme konusu \u00fcr\u00fcr\u00fcn\u00fcn kendisine veya g\u00f6sterdigi adresteki kisi\/kurulusa tesliminden itibaren yedi (7) g\u00fcn i\u00e7inde cayma hakkina sahiptir. Cayma hakkinin kullanilabilmesi i\u00e7in bu s\u00fcre i\u00e7inde SATICIya faks veya elektronik posta ile bildirimde bulunulmasi ve \u00fcr\u00fcn\u00fcn 7. madde h\u00fck\u00fcmleri \u00e7er\u00e7evesinde kullanilmamis ve ambalajinin zarar g\u00f6rmemis olmasi sarttir. Bu hakkin kullanilmasi halinde, 3. kisiye veya Aliciya teslim edilen \u00fcr\u00fcn\u00fcn SATICIya g\u00f6nderildigine dair kargo teslim tutanagi \u00f6rnegi ile satis faturasi aslinin iadesi zorunludur. Bu belgelerin ulasmasini takip eden 7 g\u00fcn i\u00e7inde \u00fcr\u00fcn bedelinin ALICInin kredi karti hesabina iade edilmesi i\u00e7in SATICI ilgili banka nezdinde girisimde bulunur. \u00dcr\u00fcn bedelinin iadesinde banka tarafindaki aksakliklardan dolayi SATICI sorumlu tutulamaz. Sat\u0131\u015f faturasinin aslinin g\u00f6nderilmemesi durumunda katma deger vergisi ve varsa diger yasal y\u00fck\u00fcml\u00fcl\u00fckler iade edilmez. Cayma hakki nedeni ile iade edilen \u00fcr\u00fcn\u00fcn kargo bedeli ALICIya aittir. Ayrica, niteligi itibariyla iade edilemeyecek \u00fcr\u00fcnler, tek kullanimlik \u00fcr\u00fcnler, kopyalanabilir yazilim ve programlar, hizli bozulan veya son kullanim tarihi ge\u00e7en \u00fcr\u00fcnler i\u00e7in cayma hakki kullan\u0131lamaz. Her t\u00fcrl\u00fc yazilim ve programlar, DVD, VCD, CD ve kasetler, Bilgisayar ve kirtasiye sarf malzemeleri (toner, kartus, serit v.b) ve H\u00fcr t\u00fcrl\u00fc kozmetik \u00fcr\u00fcnlerinde cayma hakkinin kullan\u0131lmas\u0131, \u00fcr\u00fcn\u00fcn ambalaj\u0131n\u0131n a\u00e7\u0131lmam\u0131s, bozulmamis ve \u00fcr\u00fcn\u00fcn kullanilmamis olmasi sartina baglidir.<\/p>\n\n\n\n<p><br>Madde \u2013 7<br>YETK\u0130L\u0130 MAHKEME:<br>Is bu s\u00f6zle\u015fmenin uygulanmas\u0131nda, Sanayi ve Ticaret Bakanl\u0131\u011f\u0131nca ilan edilen degere kadar T\u00fcketici Hakem Heyetleri ile ALICInin veya SATICInin yerle\u015fim yerindeki T\u00dcKETICI MAHKEMELERI yetkilidir. Sipari\u015fin elektronik ortamda onaylanmas\u0131 durumunda, ALICI is bu s\u00f6zle\u015fmenin t\u00fcm h\u00fck\u00fcmlerini kabul etmi\u015f say\u0131l\u0131r.<\/p>","protected":false},"excerpt":{"rendered":"<p>T\u00fcm kullan\u0131c\u0131lar \u00fcyelik i\u015flemlerini ger\u00e7ekle\u015ftirdikleri anda \u015fat\u0131\u015f s\u00f6zle\u015fmesini okuduklar\u0131n\u0131 ve onaylad\u0131klar\u0131n\u0131 kabul etmi\u015f say\u0131l\u0131rlar. Sat\u0131\u015f S\u00f6zle\u015fmesi Novo Star Dinlenme Tesisi ile M\u00fc\u015fteri aras\u0131ndaki Sanal Ortamda Sat\u0131\u015f S\u00f6zle\u015fmesidir. Madde \u2013 1Is bu s\u00f6zle\u015fmenin konusu, sat\u0131c\u0131n\u0131n, al\u0131c\u0131ya sat\u0131s\u0131n\u0131 yapt\u0131\u0131, a\u015fa\u0131da nitelikleri ve sat\u0131\u015f fiyat\u0131 belirtilen \u00fcr\u00fcn\u00fcn sat\u0131s\u0131 ve teslimi ile ilgili olarak 4077 say\u0131l\u0131 T\u00fcketicilerin Korunmas\u0131 Hakk\u0131ndaki [&hellip;]<\/p>","protected":false},"author":1,"featured_media":0,"parent":0,"menu_order":0,"comment_status":"closed","ping_status":"open","template":"","meta":{"_monsterinsights_skip_tracking":false,"_monsterinsights_sitenote_active":false,"_monsterinsights_sitenote_note":"","_monsterinsights_sitenote_category":0,"_uf_show_specific_survey":0,"_uf_disable_surveys":false,"footnotes":""},"class_list":["post-4621","page","type-page","status-publish","hentry"],"yoast_head":"<!-- This site is optimized with the Yoast SEO Premium plugin v25.0 (Yoast SEO v25.0) - https:\/\/yoast.com\/wordpress\/plugins\/seo\/ -->\n<title>Sat\u0131\u015f S\u00f6zle\u015fmesi - Novo Star Hotel<\/title>\n<meta name=\"robots\" content=\"index, follow, max-snippet:-1, max-image-preview:large, max-video-preview:-1\" \/>\n<link rel=\"canonical\" href=\"https:\/\/novostar.com.tr\/el\/satis-sozlesmesi\/\" \/>\n<meta property=\"og:locale\" content=\"el_GR\" \/>\n<meta property=\"og:type\" content=\"article\" \/>\n<meta property=\"og:title\" content=\"Sat\u0131\u015f S\u00f6zle\u015fmesi\" \/>\n<meta property=\"og:description\" content=\"Edirne\u2019deki Kap\u0131kule S\u0131n\u0131r Kap\u0131s\u0131&#039;na sadece dakikalar mesafede bulunan Novo Star Hotel, gurbet\u00e7i vatanda\u015flar\u0131m\u0131z i\u00e7in adeta ikinci bir ev oluyor.\" \/>\n<meta property=\"og:url\" content=\"https:\/\/novostar.com.tr\/el\/satis-sozlesmesi\/\" \/>\n<meta property=\"og:site_name\" content=\"Novo Star Hotel\" \/>\n<meta property=\"article:modified_time\" content=\"2025-07-06T20:27:19+00:00\" \/>\n<meta property=\"og:image\" content=\"https:\/\/novostar.com.tr\/wp-content\/uploads\/2025\/07\/novostar-thumb.png\" \/>\n\t<meta property=\"og:image:width\" content=\"1200\" \/>\n\t<meta property=\"og:image:height\" content=\"675\" \/>\n\t<meta property=\"og:image:type\" content=\"image\/png\" \/>\n<meta name=\"twitter:card\" content=\"summary_large_image\" \/>\n<meta name=\"twitter:label1\" content=\"\u0395\u03ba\u03c4\u03b9\u03bc\u03ce\u03bc\u03b5\u03bd\u03bf\u03c2 \u03c7\u03c1\u03cc\u03bd\u03bf\u03c2 \u03b1\u03bd\u03ac\u03b3\u03bd\u03c9\u03c3\u03b7\u03c2\" \/>\n\t<meta name=\"twitter:data1\" content=\"5 \u03bb\u03b5\u03c0\u03c4\u03ac\" \/>\n<script type=\"application\/ld+json\" class=\"yoast-schema-graph\">{\"@context\":\"https:\/\/schema.org\",\"@graph\":[{\"@type\":[\"Article\",\"BlogPosting\"],\"@id\":\"https:\/\/novostar.com.tr\/satis-sozlesmesi\/#article\",\"isPartOf\":{\"@id\":\"https:\/\/novostar.com.tr\/satis-sozlesmesi\/\"},\"author\":{\"name\":\"Novo Star\",\"@id\":\"https:\/\/novostar.com.tr\/#\/schema\/person\/ee5bd63c474041f8eae8710123619986\"},\"headline\":\"Sat\u0131\u015f S\u00f6zle\u015fmesi\",\"datePublished\":\"2025-07-06T20:27:18+00:00\",\"dateModified\":\"2025-07-06T20:27:19+00:00\",\"mainEntityOfPage\":{\"@id\":\"https:\/\/novostar.com.tr\/satis-sozlesmesi\/\"},\"wordCount\":1003,\"publisher\":{\"@id\":\"https:\/\/novostar.com.tr\/#organization\"},\"inLanguage\":\"el\"},{\"@type\":\"WebPage\",\"@id\":\"https:\/\/novostar.com.tr\/satis-sozlesmesi\/\",\"url\":\"https:\/\/novostar.com.tr\/satis-sozlesmesi\/\",\"name\":\"Sat\u0131\u015f S\u00f6zle\u015fmesi - Novo Star Hotel\",\"isPartOf\":{\"@id\":\"https:\/\/novostar.com.tr\/#website\"},\"datePublished\":\"2025-07-06T20:27:18+00:00\",\"dateModified\":\"2025-07-06T20:27:19+00:00\",\"breadcrumb\":{\"@id\":\"https:\/\/novostar.com.tr\/satis-sozlesmesi\/#breadcrumb\"},\"inLanguage\":\"el\",\"potentialAction\":[{\"@type\":\"ReadAction\",\"target\":[\"https:\/\/novostar.com.tr\/satis-sozlesmesi\/\"]}]},{\"@type\":\"BreadcrumbList\",\"@id\":\"https:\/\/novostar.com.tr\/satis-sozlesmesi\/#breadcrumb\",\"itemListElement\":[{\"@type\":\"ListItem\",\"position\":1,\"name\":\"Home\",\"item\":\"https:\/\/novostar.com.tr\/\"},{\"@type\":\"ListItem\",\"position\":2,\"name\":\"Sat\u0131\u015f S\u00f6zle\u015fmesi\"}]},{\"@type\":\"WebSite\",\"@id\":\"https:\/\/novostar.com.tr\/#website\",\"url\":\"https:\/\/novostar.com.tr\/\",\"name\":\"Novo Star Hotel\",\"description\":\"\",\"publisher\":{\"@id\":\"https:\/\/novostar.com.tr\/#organization\"},\"potentialAction\":[{\"@type\":\"SearchAction\",\"target\":{\"@type\":\"EntryPoint\",\"urlTemplate\":\"https:\/\/novostar.com.tr\/?s={search_term_string}\"},\"query-input\":{\"@type\":\"PropertyValueSpecification\",\"valueRequired\":true,\"valueName\":\"search_term_string\"}}],\"inLanguage\":\"el\"},{\"@type\":\"Organization\",\"@id\":\"https:\/\/novostar.com.tr\/#organization\",\"name\":\"Novo Star Hotel\",\"url\":\"https:\/\/novostar.com.tr\/\",\"logo\":{\"@type\":\"ImageObject\",\"inLanguage\":\"el\",\"@id\":\"https:\/\/novostar.com.tr\/#\/schema\/logo\/image\/\",\"url\":\"https:\/\/novostar.com.tr\/wp-content\/uploads\/2025\/07\/cropped-novo-favicon.png\",\"contentUrl\":\"https:\/\/novostar.com.tr\/wp-content\/uploads\/2025\/07\/cropped-novo-favicon.png\",\"width\":512,\"height\":512,\"caption\":\"Novo Star Hotel\"},\"image\":{\"@id\":\"https:\/\/novostar.com.tr\/#\/schema\/logo\/image\/\"},\"description\":\"Edirne\u2019deki Kap\u0131kule S\u0131n\u0131r Kap\u0131s\u0131'na sadece dakikalar mesafede bulunan Novo Star Hotel, gurbet\u00e7i vatanda\u015flar\u0131m\u0131z i\u00e7in adeta ikinci bir ev oluyor.\",\"email\":\"rezervasyon@novostar.com.tr\",\"telephone\":\"+90 530 330 49 64\",\"legalName\":\"NOVOSTAR KONAK VE MARKET H\u0130ZM LTD. \u015eT\u0130\",\"foundingDate\":\"2019-06-01\",\"numberOfEmployees\":{\"@type\":\"QuantitativeValue\",\"minValue\":\"11\",\"maxValue\":\"50\"}},{\"@type\":\"Person\",\"@id\":\"https:\/\/novostar.com.tr\/#\/schema\/person\/ee5bd63c474041f8eae8710123619986\",\"name\":\"Novo Star\",\"image\":{\"@type\":\"ImageObject\",\"inLanguage\":\"el\",\"@id\":\"https:\/\/novostar.com.tr\/#\/schema\/person\/image\/\",\"url\":\"https:\/\/novostar.com.tr\/wp-content\/litespeed\/avatar\/240628ccd80656200ee580b5864d7c16.jpg?ver=1776131261\",\"contentUrl\":\"https:\/\/novostar.com.tr\/wp-content\/litespeed\/avatar\/240628ccd80656200ee580b5864d7c16.jpg?ver=1776131261\",\"caption\":\"Novo Star\"},\"sameAs\":[\"https:\/\/novostar.com.tr\"],\"url\":\"https:\/\/novostar.com.tr\/el\/author\/infokirei-com-tr\/\"}]}<\/script>\n<!-- \/ Yoast SEO Premium plugin. -->","yoast_head_json":{"title":"Sat\u0131\u015f S\u00f6zle\u015fmesi - Novo Star Hotel","robots":{"index":"index","follow":"follow","max-snippet":"max-snippet:-1","max-image-preview":"max-image-preview:large","max-video-preview":"max-video-preview:-1"},"canonical":"https:\/\/novostar.com.tr\/el\/satis-sozlesmesi\/","og_locale":"el_GR","og_type":"article","og_title":"Sat\u0131\u015f S\u00f6zle\u015fmesi","og_description":"Edirne\u2019deki Kap\u0131kule S\u0131n\u0131r Kap\u0131s\u0131'na sadece dakikalar mesafede bulunan Novo Star Hotel, gurbet\u00e7i vatanda\u015flar\u0131m\u0131z i\u00e7in adeta ikinci bir ev oluyor.","og_url":"https:\/\/novostar.com.tr\/el\/satis-sozlesmesi\/","og_site_name":"Novo Star Hotel","article_modified_time":"2025-07-06T20:27:19+00:00","og_image":[{"width":1200,"height":675,"url":"https:\/\/novostar.com.tr\/wp-content\/uploads\/2025\/07\/novostar-thumb.png","type":"image\/png"}],"twitter_card":"summary_large_image","twitter_misc":{"\u0395\u03ba\u03c4\u03b9\u03bc\u03ce\u03bc\u03b5\u03bd\u03bf\u03c2 \u03c7\u03c1\u03cc\u03bd\u03bf\u03c2 \u03b1\u03bd\u03ac\u03b3\u03bd\u03c9\u03c3\u03b7\u03c2":"5 \u03bb\u03b5\u03c0\u03c4\u03ac"},"schema":{"@context":"https:\/\/schema.org","@graph":[{"@type":["Article","BlogPosting"],"@id":"https:\/\/novostar.com.tr\/satis-sozlesmesi\/#article","isPartOf":{"@id":"https:\/\/novostar.com.tr\/satis-sozlesmesi\/"},"author":{"name":"Novo Star","@id":"https:\/\/novostar.com.tr\/#\/schema\/person\/ee5bd63c474041f8eae8710123619986"},"headline":"Sat\u0131\u015f S\u00f6zle\u015fmesi","datePublished":"2025-07-06T20:27:18+00:00","dateModified":"2025-07-06T20:27:19+00:00","mainEntityOfPage":{"@id":"https:\/\/novostar.com.tr\/satis-sozlesmesi\/"},"wordCount":1003,"publisher":{"@id":"https:\/\/novostar.com.tr\/#organization"},"inLanguage":"el"},{"@type":"WebPage","@id":"https:\/\/novostar.com.tr\/satis-sozlesmesi\/","url":"https:\/\/novostar.com.tr\/satis-sozlesmesi\/","name":"Sat\u0131\u015f S\u00f6zle\u015fmesi - Novo Star Hotel","isPartOf":{"@id":"https:\/\/novostar.com.tr\/#website"},"datePublished":"2025-07-06T20:27:18+00:00","dateModified":"2025-07-06T20:27:19+00:00","breadcrumb":{"@id":"https:\/\/novostar.com.tr\/satis-sozlesmesi\/#breadcrumb"},"inLanguage":"el","potentialAction":[{"@type":"ReadAction","target":["https:\/\/novostar.com.tr\/satis-sozlesmesi\/"]}]},{"@type":"BreadcrumbList","@id":"https:\/\/novostar.com.tr\/satis-sozlesmesi\/#breadcrumb","itemListElement":[{"@type":"ListItem","position":1,"name":"Home","item":"https:\/\/novostar.com.tr\/"},{"@type":"ListItem","position":2,"name":"Sat\u0131\u015f S\u00f6zle\u015fmesi"}]},{"@type":"WebSite","@id":"https:\/\/novostar.com.tr\/#website","url":"https:\/\/novostar.com.tr\/","name":"Novo Star Hotel","description":"","publisher":{"@id":"https:\/\/novostar.com.tr\/#organization"},"potentialAction":[{"@type":"SearchAction","target":{"@type":"EntryPoint","urlTemplate":"https:\/\/novostar.com.tr\/?s={search_term_string}"},"query-input":{"@type":"PropertyValueSpecification","valueRequired":true,"valueName":"search_term_string"}}],"inLanguage":"el"},{"@type":"Organization","@id":"https:\/\/novostar.com.tr\/#organization","name":"Novo Star Hotel","url":"https:\/\/novostar.com.tr\/","logo":{"@type":"ImageObject","inLanguage":"el","@id":"https:\/\/novostar.com.tr\/#\/schema\/logo\/image\/","url":"https:\/\/novostar.com.tr\/wp-content\/uploads\/2025\/07\/cropped-novo-favicon.png","contentUrl":"https:\/\/novostar.com.tr\/wp-content\/uploads\/2025\/07\/cropped-novo-favicon.png","width":512,"height":512,"caption":"Novo Star Hotel"},"image":{"@id":"https:\/\/novostar.com.tr\/#\/schema\/logo\/image\/"},"description":"Edirne\u2019deki Kap\u0131kule S\u0131n\u0131r Kap\u0131s\u0131'na sadece dakikalar mesafede bulunan Novo Star Hotel, gurbet\u00e7i vatanda\u015flar\u0131m\u0131z i\u00e7in adeta ikinci bir ev oluyor.","email":"rezervasyon@novostar.com.tr","telephone":"+90 530 330 49 64","legalName":"NOVOSTAR KONAK VE MARKET H\u0130ZM LTD. \u015eT\u0130","foundingDate":"2019-06-01","numberOfEmployees":{"@type":"QuantitativeValue","minValue":"11","maxValue":"50"}},{"@type":"Person","@id":"https:\/\/novostar.com.tr\/#\/schema\/person\/ee5bd63c474041f8eae8710123619986","name":"Novo Star","image":{"@type":"ImageObject","inLanguage":"el","@id":"https:\/\/novostar.com.tr\/#\/schema\/person\/image\/","url":"https:\/\/novostar.com.tr\/wp-content\/litespeed\/avatar\/240628ccd80656200ee580b5864d7c16.jpg?ver=1776131261","contentUrl":"https:\/\/novostar.com.tr\/wp-content\/litespeed\/avatar\/240628ccd80656200ee580b5864d7c16.jpg?ver=1776131261","caption":"Novo Star"},"sameAs":["https:\/\/novostar.com.tr"],"url":"https:\/\/novostar.com.tr\/el\/author\/infokirei-com-tr\/"}]}},"_links":{"self":[{"href":"https:\/\/novostar.com.tr\/el\/wp-json\/wp\/v2\/pages\/4621","targetHints":{"allow":["GET"]}}],"collection":[{"href":"https:\/\/novostar.com.tr\/el\/wp-json\/wp\/v2\/pages"}],"about":[{"href":"https:\/\/novostar.com.tr\/el\/wp-json\/wp\/v2\/types\/page"}],"author":[{"embeddable":true,"href":"https:\/\/novostar.com.tr\/el\/wp-json\/wp\/v2\/users\/1"}],"replies":[{"embeddable":true,"href":"https:\/\/novostar.com.tr\/el\/wp-json\/wp\/v2\/comments?post=4621"}],"version-history":[{"count":1,"href":"https:\/\/novostar.com.tr\/el\/wp-json\/wp\/v2\/pages\/4621\/revisions"}],"predecessor-version":[{"id":4622,"href":"https:\/\/novostar.com.tr\/el\/wp-json\/wp\/v2\/pages\/4621\/revisions\/4622"}],"wp:attachment":[{"href":"https:\/\/novostar.com.tr\/el\/wp-json\/wp\/v2\/media?parent=4621"}],"curies":[{"name":"wp","href":"https:\/\/api.w.org\/{rel}","templated":true}]}}