{"id":4618,"date":"2025-07-06T20:25:34","date_gmt":"2025-07-06T20:25:34","guid":{"rendered":"https:\/\/novostar.com.tr\/?page_id=4618"},"modified":"2025-07-06T20:25:34","modified_gmt":"2025-07-06T20:25:34","slug":"uyelik-sozlesmesi","status":"publish","type":"page","link":"https:\/\/novostar.com.tr\/el\/uyelik-sozlesmesi\/","title":{"rendered":"\u03a3\u03c5\u03bc\u03c6\u03c9\u03bd\u03af\u03b1 \u03bc\u03ad\u03bb\u03bf\u03c5\u03c2"},"content":{"rendered":"<p><strong>\u00dcyelik Hakk\u0131nda<\/strong><br>Ma\u011fazam\u0131za \u00fcye olmak i\u00e7in \u00dcye \u0130\u015flemleri sayfam\u0131za giderek ilgili b\u00f6l\u00fcmleri doldurman\u0131z yeterlidir.\u00dcye bilgilerinizi do\u011fru ve eksiksiz doldurman\u0131z ileti\u015fim ve ula\u015f\u0131m problemleri olas\u0131l\u0131\u011f\u0131 a\u00e7\u0131s\u0131ndan \u00e7ok \u00f6nemlidir.\u00dcr\u00fcn ve hizmetlerin \u00e7abuk ve s\u0131hhatli ula\u015fmas\u0131 i\u00e7in l\u00fctfen dikkatle ve eksiksiz doldurunuz.<br>\u00dcye olmak olduk\u00e7a basit ve h\u0131zl\u0131 bir i\u015flemdir. \u00dcye olman\u0131z hi\u00e7 bir y\u00fck\u00fcml\u00fcl\u00fck alt\u0131na girdi\u011finizi ifade etmez. Ancak al\u0131\u015fveri\u015f yapmadan \u00f6nce Sat\u0131\u015f s\u00f6zle\u015fmesini dikkatle okuyunuz. Diledi\u011finiz zaman \u00fcyeli\u011finizi sonland\u0131rma hakk\u0131na sahipsiniz.<\/p>\n\n\n\n<p><strong>\u00dcyelik \u0130ptali<br><\/strong>\u00dcye diledi\u011fi zaman \u00fcyeli\u011fini sonland\u0131rma hakk\u0131na sahiptir. \u00dcyeli\u011finizi sonland\u0131rd\u0131ktan sonra sitemiz ile t\u00fcm ili\u015fkiniz kesilmi\u015f olacakt\u0131r.<br>\u00dcyeli\u011finizi sonland\u0131rmak i\u00e7in \u00fcye giri\u015fi yapt\u0131ktan sonra ileti\u015fim bilgileri sayfam\u0131zdan talebinizi iletmelisiniz.<\/p>\n\n\n\n<p>A\u015fa\u011f\u0131daki Durumlarda \u00dcyelik \u0130ptal Edilemez<br>1 \u2013 \u00dcye son verdi\u011fi sipari\u015f \u00fczerinden 60 g\u00fcn ge\u00e7memi\u015fse.<br>2 \u2013 Farkl\u0131 bir e-posta adresi ile \u00fcyelik iptal talebinde bulunulduysa<br>3 \u2013 \u00dcyeye Kay\u0131tl\u0131 bilgilerinden ula\u015f\u0131lam\u0131yorsa<\/p>\n\n\n\n<p><br>A\u015fa\u011f\u0131daki Durumlarda \u00dcyelik Taraf\u0131m\u0131zdan \u0130ptal Edilir<br>1 \u2013 \u00dcye Ahlak d\u0131\u015f\u0131, mesajlar g\u00f6nderiyor ya da yorum yaz\u0131yorsa<br>2 \u2013 Sahtekarl\u0131k giri\u015fiminde bulunduysa<br>3 \u2013 Sisteme veya novostar.com.tr ismine zarar vermeye y\u00f6nelik giri\u015fimde bulunduysa.<\/p>\n\n\n\n<p><strong>\u00dcye G\u00fcvenli\u011fi<br><\/strong>\u00dcyenin g\u00fcvenli\u011fi i\u00e7in ma\u011fazam\u0131zda her t\u00fcrl\u00fc \u00f6nlem al\u0131nm\u0131\u015ft\u0131r. Bu al\u0131nan \u00f6nlemlerin yan\u0131nda sizlerde \u00fcye bilgilerinizin g\u00fcvenli\u011finden sorumlusunuz. Ma\u011fazam\u0131za giri\u015f i\u00e7in kulland\u0131\u011f\u0131n\u0131z bilgilerinizi hi\u00e7 kimse ile payla\u015fmay\u0131n, g\u00fcvenli oldu\u011fundan emin olmad\u0131\u011f\u0131n\u0131z bilgisayarlardan sisteme giri\u015f yapmay\u0131n.<\/p>\n\n\n\n<p>Farkl\u0131 Adres<\/p>\n\n\n\n<p>Her \u00fcye i\u00e7in sipari\u015f sonland\u0131r\u0131rken kendi kay\u0131tl\u0131 adresi haricinde farkl\u0131 adres girebilece\u011fi bir adres b\u00f6l\u00fcm\u00fc bulunmaktad\u0131r.<br>Adres b\u00f6l\u00fcm\u00fcn\u00fc arkada\u015flar\u0131n\u0131za hediye g\u00f6nderirken kullanabilece\u011finiz gibi, farkl\u0131 adreslerde oldu\u011funuz d\u00f6nemlerde kullanabilmeniz i\u00e7in d\u00fc\u015f\u00fcn\u00fclm\u00fc\u015ft\u00fcr.<br>\u00d6rne\u011fin: \u00c7al\u0131\u015ft\u0131\u011f\u0131n\u0131z \u015firketin farkl\u0131 \u015fubelerinde bulunaca\u011f\u0131n\u0131z d\u00f6nemlerde veya yazl\u0131kta kald\u0131\u011f\u0131n\u0131z d\u00f6nemlerde. Y\u00e2da faturan\u0131z\u0131n size sipari\u015finizin bir arkada\u015f\u0131n\u0131za ula\u015fmas\u0131n\u0131 istiyorsan\u0131z<\/p>\n\n\n\n<p><strong>\u00dcr\u00fcn Yorumlar\u0131<br><\/strong>Her \u00fcye \u00fcr\u00fcnlere yorum yazabilir. Bilgilerinizi ve tecr\u00fcbelerinizi di\u011fer kullan\u0131c\u0131larla payla\u015ft\u0131k\u00e7a, al\u0131\u015fveri\u015f daha keyifli ve bilin\u00e7li olacakt\u0131r. M\u00fc\u015fteri yorumlar\u0131 tarafs\u0131z ve tecr\u00fcbeye dayal\u0131 olaca\u011f\u0131 i\u00e7in daha bilin\u00e7li al\u0131\u015fveri\u015f ortam\u0131 do\u011facakt\u0131r.<br>\u00dcr\u00fcn yorumu yazarken dikkat etmeniz gerekenler: Genel ahlak kurallar\u0131 \u00e7er\u00e7evesinde, di\u011fer kullan\u0131c\u0131lara ve \u00fcr\u00fcn\u00fcn \u00fcreticisine sayg\u0131l\u0131 yorumlar yazmaya \u00f6zen g\u00f6sterin. Yorumlar incelenerek uygun g\u00f6r\u00fclmeyen yorumlar sistemden silinmektedir.<\/p>","protected":false},"excerpt":{"rendered":"<p>\u00dcyelik Hakk\u0131ndaMa\u011fazam\u0131za \u00fcye olmak i\u00e7in \u00dcye \u0130\u015flemleri sayfam\u0131za giderek ilgili b\u00f6l\u00fcmleri doldurman\u0131z yeterlidir.\u00dcye bilgilerinizi do\u011fru ve eksiksiz doldurman\u0131z ileti\u015fim ve ula\u015f\u0131m problemleri olas\u0131l\u0131\u011f\u0131 a\u00e7\u0131s\u0131ndan \u00e7ok \u00f6nemlidir.\u00dcr\u00fcn ve hizmetlerin \u00e7abuk ve s\u0131hhatli ula\u015fmas\u0131 i\u00e7in l\u00fctfen dikkatle ve eksiksiz doldurunuz.\u00dcye olmak olduk\u00e7a basit ve h\u0131zl\u0131 bir i\u015flemdir. \u00dcye olman\u0131z hi\u00e7 bir y\u00fck\u00fcml\u00fcl\u00fck alt\u0131na girdi\u011finizi ifade etmez. Ancak [&hellip;]<\/p>","protected":false},"author":1,"featured_media":0,"parent":0,"menu_order":0,"comment_status":"closed","ping_status":"open","template":"","meta":{"_monsterinsights_skip_tracking":false,"_monsterinsights_sitenote_active":false,"_monsterinsights_sitenote_note":"","_monsterinsights_sitenote_category":0,"_uf_show_specific_survey":0,"_uf_disable_surveys":false,"footnotes":""},"class_list":["post-4618","page","type-page","status-publish","hentry"],"yoast_head":"<!-- This site is optimized with the Yoast SEO Premium plugin v25.0 (Yoast SEO v25.0) - https:\/\/yoast.com\/wordpress\/plugins\/seo\/ -->\n<title>\u00dcyelik S\u00f6zle\u015fmesi - Novo Star Hotel<\/title>\n<meta name=\"robots\" content=\"index, follow, max-snippet:-1, max-image-preview:large, max-video-preview:-1\" \/>\n<link rel=\"canonical\" href=\"https:\/\/novostar.com.tr\/el\/uyelik-sozlesmesi\/\" \/>\n<meta property=\"og:locale\" content=\"el_GR\" \/>\n<meta property=\"og:type\" content=\"article\" \/>\n<meta property=\"og:title\" content=\"\u00dcyelik S\u00f6zle\u015fmesi\" \/>\n<meta property=\"og:description\" content=\"Edirne\u2019deki Kap\u0131kule S\u0131n\u0131r Kap\u0131s\u0131&#039;na sadece dakikalar mesafede bulunan Novo Star Hotel, gurbet\u00e7i vatanda\u015flar\u0131m\u0131z i\u00e7in adeta ikinci bir ev oluyor.\" \/>\n<meta property=\"og:url\" content=\"https:\/\/novostar.com.tr\/el\/uyelik-sozlesmesi\/\" \/>\n<meta property=\"og:site_name\" content=\"Novo Star Hotel\" \/>\n<meta property=\"og:image\" content=\"https:\/\/novostar.com.tr\/wp-content\/uploads\/2025\/07\/novostar-thumb.png\" \/>\n\t<meta property=\"og:image:width\" content=\"1200\" \/>\n\t<meta property=\"og:image:height\" content=\"675\" \/>\n\t<meta property=\"og:image:type\" content=\"image\/png\" \/>\n<meta name=\"twitter:card\" content=\"summary_large_image\" \/>\n<meta name=\"twitter:label1\" content=\"\u0395\u03ba\u03c4\u03b9\u03bc\u03ce\u03bc\u03b5\u03bd\u03bf\u03c2 \u03c7\u03c1\u03cc\u03bd\u03bf\u03c2 \u03b1\u03bd\u03ac\u03b3\u03bd\u03c9\u03c3\u03b7\u03c2\" \/>\n\t<meta name=\"twitter:data1\" content=\"2 \u03bb\u03b5\u03c0\u03c4\u03ac\" \/>\n<script type=\"application\/ld+json\" class=\"yoast-schema-graph\">{\"@context\":\"https:\/\/schema.org\",\"@graph\":[{\"@type\":[\"Article\",\"BlogPosting\"],\"@id\":\"https:\/\/novostar.com.tr\/uyelik-sozlesmesi\/#article\",\"isPartOf\":{\"@id\":\"https:\/\/novostar.com.tr\/uyelik-sozlesmesi\/\"},\"author\":{\"name\":\"Novo Star\",\"@id\":\"https:\/\/novostar.com.tr\/#\/schema\/person\/ee5bd63c474041f8eae8710123619986\"},\"headline\":\"\u00dcyelik S\u00f6zle\u015fmesi\",\"datePublished\":\"2025-07-06T20:25:34+00:00\",\"mainEntityOfPage\":{\"@id\":\"https:\/\/novostar.com.tr\/uyelik-sozlesmesi\/\"},\"wordCount\":480,\"publisher\":{\"@id\":\"https:\/\/novostar.com.tr\/#organization\"},\"inLanguage\":\"el\"},{\"@type\":\"WebPage\",\"@id\":\"https:\/\/novostar.com.tr\/uyelik-sozlesmesi\/\",\"url\":\"https:\/\/novostar.com.tr\/uyelik-sozlesmesi\/\",\"name\":\"\u00dcyelik S\u00f6zle\u015fmesi - Novo Star Hotel\",\"isPartOf\":{\"@id\":\"https:\/\/novostar.com.tr\/#website\"},\"datePublished\":\"2025-07-06T20:25:34+00:00\",\"breadcrumb\":{\"@id\":\"https:\/\/novostar.com.tr\/uyelik-sozlesmesi\/#breadcrumb\"},\"inLanguage\":\"el\",\"potentialAction\":[{\"@type\":\"ReadAction\",\"target\":[\"https:\/\/novostar.com.tr\/uyelik-sozlesmesi\/\"]}]},{\"@type\":\"BreadcrumbList\",\"@id\":\"https:\/\/novostar.com.tr\/uyelik-sozlesmesi\/#breadcrumb\",\"itemListElement\":[{\"@type\":\"ListItem\",\"position\":1,\"name\":\"Home\",\"item\":\"https:\/\/novostar.com.tr\/\"},{\"@type\":\"ListItem\",\"position\":2,\"name\":\"\u00dcyelik S\u00f6zle\u015fmesi\"}]},{\"@type\":\"WebSite\",\"@id\":\"https:\/\/novostar.com.tr\/#website\",\"url\":\"https:\/\/novostar.com.tr\/\",\"name\":\"Novo Star Hotel\",\"description\":\"\",\"publisher\":{\"@id\":\"https:\/\/novostar.com.tr\/#organization\"},\"potentialAction\":[{\"@type\":\"SearchAction\",\"target\":{\"@type\":\"EntryPoint\",\"urlTemplate\":\"https:\/\/novostar.com.tr\/?s={search_term_string}\"},\"query-input\":{\"@type\":\"PropertyValueSpecification\",\"valueRequired\":true,\"valueName\":\"search_term_string\"}}],\"inLanguage\":\"el\"},{\"@type\":\"Organization\",\"@id\":\"https:\/\/novostar.com.tr\/#organization\",\"name\":\"Novo Star Hotel\",\"url\":\"https:\/\/novostar.com.tr\/\",\"logo\":{\"@type\":\"ImageObject\",\"inLanguage\":\"el\",\"@id\":\"https:\/\/novostar.com.tr\/#\/schema\/logo\/image\/\",\"url\":\"https:\/\/novostar.com.tr\/wp-content\/uploads\/2025\/07\/cropped-novo-favicon.png\",\"contentUrl\":\"https:\/\/novostar.com.tr\/wp-content\/uploads\/2025\/07\/cropped-novo-favicon.png\",\"width\":512,\"height\":512,\"caption\":\"Novo Star Hotel\"},\"image\":{\"@id\":\"https:\/\/novostar.com.tr\/#\/schema\/logo\/image\/\"},\"description\":\"Edirne\u2019deki Kap\u0131kule S\u0131n\u0131r Kap\u0131s\u0131'na sadece dakikalar mesafede bulunan Novo Star Hotel, gurbet\u00e7i vatanda\u015flar\u0131m\u0131z i\u00e7in adeta ikinci bir ev oluyor.\",\"email\":\"rezervasyon@novostar.com.tr\",\"telephone\":\"+90 530 330 49 64\",\"legalName\":\"NOVOSTAR KONAK VE MARKET H\u0130ZM LTD. \u015eT\u0130\",\"foundingDate\":\"2019-06-01\",\"numberOfEmployees\":{\"@type\":\"QuantitativeValue\",\"minValue\":\"11\",\"maxValue\":\"50\"}},{\"@type\":\"Person\",\"@id\":\"https:\/\/novostar.com.tr\/#\/schema\/person\/ee5bd63c474041f8eae8710123619986\",\"name\":\"Novo Star\",\"image\":{\"@type\":\"ImageObject\",\"inLanguage\":\"el\",\"@id\":\"https:\/\/novostar.com.tr\/#\/schema\/person\/image\/\",\"url\":\"https:\/\/novostar.com.tr\/wp-content\/litespeed\/avatar\/240628ccd80656200ee580b5864d7c16.jpg?ver=1776131261\",\"contentUrl\":\"https:\/\/novostar.com.tr\/wp-content\/litespeed\/avatar\/240628ccd80656200ee580b5864d7c16.jpg?ver=1776131261\",\"caption\":\"Novo Star\"},\"sameAs\":[\"https:\/\/novostar.com.tr\"],\"url\":\"https:\/\/novostar.com.tr\/el\/author\/infokirei-com-tr\/\"}]}<\/script>\n<!-- \/ Yoast SEO Premium plugin. -->","yoast_head_json":{"title":"\u00dcyelik S\u00f6zle\u015fmesi - Novo Star Hotel","robots":{"index":"index","follow":"follow","max-snippet":"max-snippet:-1","max-image-preview":"max-image-preview:large","max-video-preview":"max-video-preview:-1"},"canonical":"https:\/\/novostar.com.tr\/el\/uyelik-sozlesmesi\/","og_locale":"el_GR","og_type":"article","og_title":"\u00dcyelik S\u00f6zle\u015fmesi","og_description":"Edirne\u2019deki Kap\u0131kule S\u0131n\u0131r Kap\u0131s\u0131'na sadece dakikalar mesafede bulunan Novo Star Hotel, gurbet\u00e7i vatanda\u015flar\u0131m\u0131z i\u00e7in adeta ikinci bir ev oluyor.","og_url":"https:\/\/novostar.com.tr\/el\/uyelik-sozlesmesi\/","og_site_name":"Novo Star Hotel","og_image":[{"width":1200,"height":675,"url":"https:\/\/novostar.com.tr\/wp-content\/uploads\/2025\/07\/novostar-thumb.png","type":"image\/png"}],"twitter_card":"summary_large_image","twitter_misc":{"\u0395\u03ba\u03c4\u03b9\u03bc\u03ce\u03bc\u03b5\u03bd\u03bf\u03c2 \u03c7\u03c1\u03cc\u03bd\u03bf\u03c2 \u03b1\u03bd\u03ac\u03b3\u03bd\u03c9\u03c3\u03b7\u03c2":"2 \u03bb\u03b5\u03c0\u03c4\u03ac"},"schema":{"@context":"https:\/\/schema.org","@graph":[{"@type":["Article","BlogPosting"],"@id":"https:\/\/novostar.com.tr\/uyelik-sozlesmesi\/#article","isPartOf":{"@id":"https:\/\/novostar.com.tr\/uyelik-sozlesmesi\/"},"author":{"name":"Novo Star","@id":"https:\/\/novostar.com.tr\/#\/schema\/person\/ee5bd63c474041f8eae8710123619986"},"headline":"\u00dcyelik S\u00f6zle\u015fmesi","datePublished":"2025-07-06T20:25:34+00:00","mainEntityOfPage":{"@id":"https:\/\/novostar.com.tr\/uyelik-sozlesmesi\/"},"wordCount":480,"publisher":{"@id":"https:\/\/novostar.com.tr\/#organization"},"inLanguage":"el"},{"@type":"WebPage","@id":"https:\/\/novostar.com.tr\/uyelik-sozlesmesi\/","url":"https:\/\/novostar.com.tr\/uyelik-sozlesmesi\/","name":"\u00dcyelik S\u00f6zle\u015fmesi - Novo Star Hotel","isPartOf":{"@id":"https:\/\/novostar.com.tr\/#website"},"datePublished":"2025-07-06T20:25:34+00:00","breadcrumb":{"@id":"https:\/\/novostar.com.tr\/uyelik-sozlesmesi\/#breadcrumb"},"inLanguage":"el","potentialAction":[{"@type":"ReadAction","target":["https:\/\/novostar.com.tr\/uyelik-sozlesmesi\/"]}]},{"@type":"BreadcrumbList","@id":"https:\/\/novostar.com.tr\/uyelik-sozlesmesi\/#breadcrumb","itemListElement":[{"@type":"ListItem","position":1,"name":"Home","item":"https:\/\/novostar.com.tr\/"},{"@type":"ListItem","position":2,"name":"\u00dcyelik S\u00f6zle\u015fmesi"}]},{"@type":"WebSite","@id":"https:\/\/novostar.com.tr\/#website","url":"https:\/\/novostar.com.tr\/","name":"Novo Star Hotel","description":"","publisher":{"@id":"https:\/\/novostar.com.tr\/#organization"},"potentialAction":[{"@type":"SearchAction","target":{"@type":"EntryPoint","urlTemplate":"https:\/\/novostar.com.tr\/?s={search_term_string}"},"query-input":{"@type":"PropertyValueSpecification","valueRequired":true,"valueName":"search_term_string"}}],"inLanguage":"el"},{"@type":"Organization","@id":"https:\/\/novostar.com.tr\/#organization","name":"Novo Star Hotel","url":"https:\/\/novostar.com.tr\/","logo":{"@type":"ImageObject","inLanguage":"el","@id":"https:\/\/novostar.com.tr\/#\/schema\/logo\/image\/","url":"https:\/\/novostar.com.tr\/wp-content\/uploads\/2025\/07\/cropped-novo-favicon.png","contentUrl":"https:\/\/novostar.com.tr\/wp-content\/uploads\/2025\/07\/cropped-novo-favicon.png","width":512,"height":512,"caption":"Novo Star Hotel"},"image":{"@id":"https:\/\/novostar.com.tr\/#\/schema\/logo\/image\/"},"description":"Edirne\u2019deki Kap\u0131kule S\u0131n\u0131r Kap\u0131s\u0131'na sadece dakikalar mesafede bulunan Novo Star Hotel, gurbet\u00e7i vatanda\u015flar\u0131m\u0131z i\u00e7in adeta ikinci bir ev oluyor.","email":"rezervasyon@novostar.com.tr","telephone":"+90 530 330 49 64","legalName":"NOVOSTAR KONAK VE MARKET H\u0130ZM LTD. \u015eT\u0130","foundingDate":"2019-06-01","numberOfEmployees":{"@type":"QuantitativeValue","minValue":"11","maxValue":"50"}},{"@type":"Person","@id":"https:\/\/novostar.com.tr\/#\/schema\/person\/ee5bd63c474041f8eae8710123619986","name":"Novo Star","image":{"@type":"ImageObject","inLanguage":"el","@id":"https:\/\/novostar.com.tr\/#\/schema\/person\/image\/","url":"https:\/\/novostar.com.tr\/wp-content\/litespeed\/avatar\/240628ccd80656200ee580b5864d7c16.jpg?ver=1776131261","contentUrl":"https:\/\/novostar.com.tr\/wp-content\/litespeed\/avatar\/240628ccd80656200ee580b5864d7c16.jpg?ver=1776131261","caption":"Novo Star"},"sameAs":["https:\/\/novostar.com.tr"],"url":"https:\/\/novostar.com.tr\/el\/author\/infokirei-com-tr\/"}]}},"_links":{"self":[{"href":"https:\/\/novostar.com.tr\/el\/wp-json\/wp\/v2\/pages\/4618","targetHints":{"allow":["GET"]}}],"collection":[{"href":"https:\/\/novostar.com.tr\/el\/wp-json\/wp\/v2\/pages"}],"about":[{"href":"https:\/\/novostar.com.tr\/el\/wp-json\/wp\/v2\/types\/page"}],"author":[{"embeddable":true,"href":"https:\/\/novostar.com.tr\/el\/wp-json\/wp\/v2\/users\/1"}],"replies":[{"embeddable":true,"href":"https:\/\/novostar.com.tr\/el\/wp-json\/wp\/v2\/comments?post=4618"}],"version-history":[{"count":1,"href":"https:\/\/novostar.com.tr\/el\/wp-json\/wp\/v2\/pages\/4618\/revisions"}],"predecessor-version":[{"id":4619,"href":"https:\/\/novostar.com.tr\/el\/wp-json\/wp\/v2\/pages\/4618\/revisions\/4619"}],"wp:attachment":[{"href":"https:\/\/novostar.com.tr\/el\/wp-json\/wp\/v2\/media?parent=4618"}],"curies":[{"name":"wp","href":"https:\/\/api.w.org\/{rel}","templated":true}]}}