{"id":3474,"date":"2023-08-16T02:13:29","date_gmt":"2023-08-16T02:13:29","guid":{"rendered":"https:\/\/novostar.com.tr\/?page_id=3474"},"modified":"2023-08-16T02:13:29","modified_gmt":"2023-08-16T02:13:29","slug":"thank-page","status":"publish","type":"page","link":"https:\/\/novostar.com.tr\/bg\/thank-page\/","title":{"rendered":"Thank Page"},"content":{"rendered":"<div data-elementor-type=\"wp-page\" data-elementor-id=\"3474\" class=\"elementor elementor-3474\">\n\t\t\t\t\t\t<section class=\"elementor-section elementor-top-section elementor-element elementor-element-45c580bb elementor-section-boxed elementor-section-height-default elementor-section-height-default\" data-id=\"45c580bb\" data-element_type=\"section\" data-e-type=\"section\">\n\t\t\t\t\t\t<div class=\"elementor-container elementor-column-gap-default\">\n\t\t\t\t\t<div class=\"elementor-column elementor-col-100 elementor-top-column elementor-element elementor-element-16cc2ea5\" data-id=\"16cc2ea5\" data-element_type=\"column\" data-e-type=\"column\">\n\t\t\t<div class=\"elementor-widget-wrap elementor-element-populated\">\n\t\t\t\t\t\t<div class=\"elementor-element elementor-element-64df2f59 elementor-widget elementor-widget-text-editor\" data-id=\"64df2f59\" data-element_type=\"widget\" data-e-type=\"widget\" data-widget_type=\"text-editor.default\">\n\t\t\t\t\t\t\t\t\t\n<p>Thanks for your booking. You will receive an email about info your booking.<\/p>\n\t\t\t\t\t\t\t\t<\/div>\n\t\t\t\t\t<\/div>\n\t\t<\/div>\n\t\t\t\t\t<\/div>\n\t\t<\/section>\n\t\t\t\t<\/div>","protected":false},"excerpt":{"rendered":"<p>Thanks for your booking. You will receive an email about info your booking.<\/p>","protected":false},"author":1,"featured_media":0,"parent":0,"menu_order":0,"comment_status":"closed","ping_status":"closed","template":"elementor_header_footer","meta":{"_monsterinsights_skip_tracking":false,"_monsterinsights_sitenote_active":false,"_monsterinsights_sitenote_note":"","_monsterinsights_sitenote_category":0,"_uf_show_specific_survey":0,"_uf_disable_surveys":false,"footnotes":""},"class_list":["post-3474","page","type-page","status-publish","hentry"],"yoast_head":"<!-- This site is optimized with the Yoast SEO Premium plugin v25.0 (Yoast SEO v27.4) - https:\/\/yoast.com\/product\/yoast-seo-premium-wordpress\/ -->\n<title>Thank Page - Novo Star Hotel<\/title>\n<meta name=\"robots\" content=\"index, follow, max-snippet:-1, max-image-preview:large, max-video-preview:-1\" \/>\n<link rel=\"canonical\" href=\"https:\/\/novostar.com.tr\/bg\/thank-page\/\" \/>\n<meta property=\"og:locale\" content=\"bg_BG\" \/>\n<meta property=\"og:type\" content=\"article\" \/>\n<meta property=\"og:title\" content=\"Thank Page\" \/>\n<meta property=\"og:description\" content=\"Edirne\u2019deki Kap\u0131kule S\u0131n\u0131r Kap\u0131s\u0131&#039;na sadece dakikalar mesafede bulunan Novo Star Hotel, gurbet\u00e7i vatanda\u015flar\u0131m\u0131z i\u00e7in adeta ikinci bir ev oluyor.\" \/>\n<meta property=\"og:url\" content=\"https:\/\/novostar.com.tr\/bg\/thank-page\/\" \/>\n<meta property=\"og:site_name\" content=\"Novo Star Hotel\" \/>\n<meta property=\"og:image\" content=\"https:\/\/novostar.com.tr\/wp-content\/uploads\/2025\/07\/novostar-thumb.png\" \/>\n\t<meta property=\"og:image:width\" content=\"1200\" \/>\n\t<meta property=\"og:image:height\" content=\"675\" \/>\n\t<meta property=\"og:image:type\" content=\"image\/png\" \/>\n<meta name=\"twitter:card\" content=\"summary_large_image\" \/>\n<meta name=\"twitter:label1\" content=\"Est. reading time\" \/>\n\t<meta name=\"twitter:data1\" content=\"1 \u043c\u0438\u043d\u0443\u0442\u0430\" \/>\n<script type=\"application\/ld+json\" class=\"yoast-schema-graph\">{\"@context\":\"https:\\\/\\\/schema.org\",\"@graph\":[{\"@type\":[\"Article\",\"BlogPosting\"],\"@id\":\"https:\\\/\\\/novostar.com.tr\\\/thank-page\\\/#article\",\"isPartOf\":{\"@id\":\"https:\\\/\\\/novostar.com.tr\\\/thank-page\\\/\"},\"author\":{\"name\":\"Novo Star\",\"@id\":\"https:\\\/\\\/novostar.com.tr\\\/#\\\/schema\\\/person\\\/ee5bd63c474041f8eae8710123619986\"},\"headline\":\"Thank Page\",\"datePublished\":\"2023-08-16T02:13:29+00:00\",\"mainEntityOfPage\":{\"@id\":\"https:\\\/\\\/novostar.com.tr\\\/thank-page\\\/\"},\"wordCount\":15,\"publisher\":{\"@id\":\"https:\\\/\\\/novostar.com.tr\\\/#organization\"},\"inLanguage\":\"bg-BG\"},{\"@type\":\"WebPage\",\"@id\":\"https:\\\/\\\/novostar.com.tr\\\/thank-page\\\/\",\"url\":\"https:\\\/\\\/novostar.com.tr\\\/thank-page\\\/\",\"name\":\"Thank Page - Novo Star Hotel\",\"isPartOf\":{\"@id\":\"https:\\\/\\\/novostar.com.tr\\\/#website\"},\"datePublished\":\"2023-08-16T02:13:29+00:00\",\"breadcrumb\":{\"@id\":\"https:\\\/\\\/novostar.com.tr\\\/thank-page\\\/#breadcrumb\"},\"inLanguage\":\"bg-BG\",\"potentialAction\":[{\"@type\":\"ReadAction\",\"target\":[\"https:\\\/\\\/novostar.com.tr\\\/thank-page\\\/\"]}]},{\"@type\":\"BreadcrumbList\",\"@id\":\"https:\\\/\\\/novostar.com.tr\\\/thank-page\\\/#breadcrumb\",\"itemListElement\":[{\"@type\":\"ListItem\",\"position\":1,\"name\":\"Home\",\"item\":\"https:\\\/\\\/novostar.com.tr\\\/\"},{\"@type\":\"ListItem\",\"position\":2,\"name\":\"Thank Page\"}]},{\"@type\":\"WebSite\",\"@id\":\"https:\\\/\\\/novostar.com.tr\\\/#website\",\"url\":\"https:\\\/\\\/novostar.com.tr\\\/\",\"name\":\"Novo Star Hotel\",\"description\":\"\",\"publisher\":{\"@id\":\"https:\\\/\\\/novostar.com.tr\\\/#organization\"},\"potentialAction\":[{\"@type\":\"SearchAction\",\"target\":{\"@type\":\"EntryPoint\",\"urlTemplate\":\"https:\\\/\\\/novostar.com.tr\\\/?s={search_term_string}\"},\"query-input\":{\"@type\":\"PropertyValueSpecification\",\"valueRequired\":true,\"valueName\":\"search_term_string\"}}],\"inLanguage\":\"bg-BG\"},{\"@type\":\"Organization\",\"@id\":\"https:\\\/\\\/novostar.com.tr\\\/#organization\",\"name\":\"Novo Star Hotel\",\"url\":\"https:\\\/\\\/novostar.com.tr\\\/\",\"logo\":{\"@type\":\"ImageObject\",\"inLanguage\":\"bg-BG\",\"@id\":\"https:\\\/\\\/novostar.com.tr\\\/#\\\/schema\\\/logo\\\/image\\\/\",\"url\":\"https:\\\/\\\/novostar.com.tr\\\/wp-content\\\/uploads\\\/2025\\\/07\\\/cropped-novo-favicon.png\",\"contentUrl\":\"https:\\\/\\\/novostar.com.tr\\\/wp-content\\\/uploads\\\/2025\\\/07\\\/cropped-novo-favicon.png\",\"width\":512,\"height\":512,\"caption\":\"Novo Star Hotel\"},\"image\":{\"@id\":\"https:\\\/\\\/novostar.com.tr\\\/#\\\/schema\\\/logo\\\/image\\\/\"},\"description\":\"Edirne\u2019deki Kap\u0131kule S\u0131n\u0131r Kap\u0131s\u0131'na sadece dakikalar mesafede bulunan Novo Star Hotel, gurbet\u00e7i vatanda\u015flar\u0131m\u0131z i\u00e7in adeta ikinci bir ev oluyor.\",\"email\":\"rezervasyon@novostar.com.tr\",\"telephone\":\"+90 530 330 49 64\",\"legalName\":\"NOVOSTAR KONAK VE MARKET H\u0130ZM LTD. \u015eT\u0130\",\"foundingDate\":\"2019-06-01\",\"numberOfEmployees\":{\"@type\":\"QuantitativeValue\",\"minValue\":\"11\",\"maxValue\":\"50\"}},{\"@type\":\"Person\",\"@id\":\"https:\\\/\\\/novostar.com.tr\\\/#\\\/schema\\\/person\\\/ee5bd63c474041f8eae8710123619986\",\"name\":\"Novo Star\",\"image\":{\"@type\":\"ImageObject\",\"inLanguage\":\"bg-BG\",\"@id\":\"https:\\\/\\\/novostar.com.tr\\\/wp-content\\\/litespeed\\\/avatar\\\/240628ccd80656200ee580b5864d7c16.jpg?ver=1777344381\",\"url\":\"https:\\\/\\\/novostar.com.tr\\\/wp-content\\\/litespeed\\\/avatar\\\/240628ccd80656200ee580b5864d7c16.jpg?ver=1777344381\",\"contentUrl\":\"https:\\\/\\\/novostar.com.tr\\\/wp-content\\\/litespeed\\\/avatar\\\/240628ccd80656200ee580b5864d7c16.jpg?ver=1777344381\",\"caption\":\"Novo Star\"},\"sameAs\":[\"https:\\\/\\\/novostar.com.tr\"],\"url\":\"https:\\\/\\\/novostar.com.tr\\\/bg\\\/author\\\/infokirei-com-tr\\\/\"}]}<\/script>\n<!-- \/ Yoast SEO Premium plugin. -->","yoast_head_json":{"title":"Thank Page - Novo Star Hotel","robots":{"index":"index","follow":"follow","max-snippet":"max-snippet:-1","max-image-preview":"max-image-preview:large","max-video-preview":"max-video-preview:-1"},"canonical":"https:\/\/novostar.com.tr\/bg\/thank-page\/","og_locale":"bg_BG","og_type":"article","og_title":"Thank Page","og_description":"Edirne\u2019deki Kap\u0131kule S\u0131n\u0131r Kap\u0131s\u0131'na sadece dakikalar mesafede bulunan Novo Star Hotel, gurbet\u00e7i vatanda\u015flar\u0131m\u0131z i\u00e7in adeta ikinci bir ev oluyor.","og_url":"https:\/\/novostar.com.tr\/bg\/thank-page\/","og_site_name":"Novo Star Hotel","og_image":[{"width":1200,"height":675,"url":"https:\/\/novostar.com.tr\/wp-content\/uploads\/2025\/07\/novostar-thumb.png","type":"image\/png"}],"twitter_card":"summary_large_image","twitter_misc":{"Est. reading time":"1 \u043c\u0438\u043d\u0443\u0442\u0430"},"schema":{"@context":"https:\/\/schema.org","@graph":[{"@type":["Article","BlogPosting"],"@id":"https:\/\/novostar.com.tr\/thank-page\/#article","isPartOf":{"@id":"https:\/\/novostar.com.tr\/thank-page\/"},"author":{"name":"Novo Star","@id":"https:\/\/novostar.com.tr\/#\/schema\/person\/ee5bd63c474041f8eae8710123619986"},"headline":"Thank Page","datePublished":"2023-08-16T02:13:29+00:00","mainEntityOfPage":{"@id":"https:\/\/novostar.com.tr\/thank-page\/"},"wordCount":15,"publisher":{"@id":"https:\/\/novostar.com.tr\/#organization"},"inLanguage":"bg-BG"},{"@type":"WebPage","@id":"https:\/\/novostar.com.tr\/thank-page\/","url":"https:\/\/novostar.com.tr\/thank-page\/","name":"Thank Page - Novo Star Hotel","isPartOf":{"@id":"https:\/\/novostar.com.tr\/#website"},"datePublished":"2023-08-16T02:13:29+00:00","breadcrumb":{"@id":"https:\/\/novostar.com.tr\/thank-page\/#breadcrumb"},"inLanguage":"bg-BG","potentialAction":[{"@type":"ReadAction","target":["https:\/\/novostar.com.tr\/thank-page\/"]}]},{"@type":"BreadcrumbList","@id":"https:\/\/novostar.com.tr\/thank-page\/#breadcrumb","itemListElement":[{"@type":"ListItem","position":1,"name":"Home","item":"https:\/\/novostar.com.tr\/"},{"@type":"ListItem","position":2,"name":"Thank Page"}]},{"@type":"WebSite","@id":"https:\/\/novostar.com.tr\/#website","url":"https:\/\/novostar.com.tr\/","name":"Novo Star Hotel","description":"","publisher":{"@id":"https:\/\/novostar.com.tr\/#organization"},"potentialAction":[{"@type":"SearchAction","target":{"@type":"EntryPoint","urlTemplate":"https:\/\/novostar.com.tr\/?s={search_term_string}"},"query-input":{"@type":"PropertyValueSpecification","valueRequired":true,"valueName":"search_term_string"}}],"inLanguage":"bg-BG"},{"@type":"Organization","@id":"https:\/\/novostar.com.tr\/#organization","name":"Novo Star Hotel","url":"https:\/\/novostar.com.tr\/","logo":{"@type":"ImageObject","inLanguage":"bg-BG","@id":"https:\/\/novostar.com.tr\/#\/schema\/logo\/image\/","url":"https:\/\/novostar.com.tr\/wp-content\/uploads\/2025\/07\/cropped-novo-favicon.png","contentUrl":"https:\/\/novostar.com.tr\/wp-content\/uploads\/2025\/07\/cropped-novo-favicon.png","width":512,"height":512,"caption":"Novo Star Hotel"},"image":{"@id":"https:\/\/novostar.com.tr\/#\/schema\/logo\/image\/"},"description":"Edirne\u2019deki Kap\u0131kule S\u0131n\u0131r Kap\u0131s\u0131'na sadece dakikalar mesafede bulunan Novo Star Hotel, gurbet\u00e7i vatanda\u015flar\u0131m\u0131z i\u00e7in adeta ikinci bir ev oluyor.","email":"rezervasyon@novostar.com.tr","telephone":"+90 530 330 49 64","legalName":"NOVOSTAR KONAK VE MARKET H\u0130ZM LTD. \u015eT\u0130","foundingDate":"2019-06-01","numberOfEmployees":{"@type":"QuantitativeValue","minValue":"11","maxValue":"50"}},{"@type":"Person","@id":"https:\/\/novostar.com.tr\/#\/schema\/person\/ee5bd63c474041f8eae8710123619986","name":"Novo Star","image":{"@type":"ImageObject","inLanguage":"bg-BG","@id":"https:\/\/novostar.com.tr\/wp-content\/litespeed\/avatar\/240628ccd80656200ee580b5864d7c16.jpg?ver=1777344381","url":"https:\/\/novostar.com.tr\/wp-content\/litespeed\/avatar\/240628ccd80656200ee580b5864d7c16.jpg?ver=1777344381","contentUrl":"https:\/\/novostar.com.tr\/wp-content\/litespeed\/avatar\/240628ccd80656200ee580b5864d7c16.jpg?ver=1777344381","caption":"Novo Star"},"sameAs":["https:\/\/novostar.com.tr"],"url":"https:\/\/novostar.com.tr\/bg\/author\/infokirei-com-tr\/"}]}},"_links":{"self":[{"href":"https:\/\/novostar.com.tr\/bg\/wp-json\/wp\/v2\/pages\/3474","targetHints":{"allow":["GET"]}}],"collection":[{"href":"https:\/\/novostar.com.tr\/bg\/wp-json\/wp\/v2\/pages"}],"about":[{"href":"https:\/\/novostar.com.tr\/bg\/wp-json\/wp\/v2\/types\/page"}],"author":[{"embeddable":true,"href":"https:\/\/novostar.com.tr\/bg\/wp-json\/wp\/v2\/users\/1"}],"replies":[{"embeddable":true,"href":"https:\/\/novostar.com.tr\/bg\/wp-json\/wp\/v2\/comments?post=3474"}],"version-history":[{"count":0,"href":"https:\/\/novostar.com.tr\/bg\/wp-json\/wp\/v2\/pages\/3474\/revisions"}],"wp:attachment":[{"href":"https:\/\/novostar.com.tr\/bg\/wp-json\/wp\/v2\/media?parent=3474"}],"curies":[{"name":"wp","href":"https:\/\/api.w.org\/{rel}","templated":true}]}}